{"id":5107,"date":"2019-07-08T05:39:39","date_gmt":"2019-07-08T05:39:39","guid":{"rendered":"http:\/\/tumarca.co\/2019\/index.php\/product\/spinner-soccer\/"},"modified":"2019-07-08T05:39:39","modified_gmt":"2019-07-08T05:39:39","slug":"spinner-soccer","status":"publish","type":"product","link":"https:\/\/tumarca.co\/index.php\/product\/spinner-soccer\/","title":{"rendered":"Spinner Soccer"},"content":{"rendered":"<p>Dispositivo especial para aliviar el estr\u00e9s, mejorar la concentraci\u00f3n o liberar energ\u00eda. consiste en hacer girar lo m\u00e1s r\u00e1pido posible en la mano o sobre una superficie plana. Con dise\u00f1os de bal\u00f3nde f\u00fatbol.<\/p>\n","protected":false},"excerpt":{"rendered":"<p>Dispositivo especial para aliviar el estr\u00e9s, mejorar la concentraci\u00f3n o liberar energ\u00eda. consiste en hacer girar lo m\u00e1s r\u00e1pido posible en la mano o sobre una superficie plana. Con dise\u00f1os de bal\u00f3nde f\u00fatbol.<\/p>\n","protected":false},"featured_media":5106,"comment_status":"closed","ping_status":"closed","template":"","meta":[],"product_brand":[],"product_cat":[57],"product_tag":[],"class_list":{"0":"post-5107","1":"product","2":"type-product","3":"status-publish","4":"has-post-thumbnail","6":"product_cat-recreacion","8":"first","9":"instock","10":"shipping-taxable","11":"product-type-simple"},"_links":{"self":[{"href":"https:\/\/tumarca.co\/index.php\/wp-json\/wp\/v2\/product\/5107","targetHints":{"allow":["GET"]}}],"collection":[{"href":"https:\/\/tumarca.co\/index.php\/wp-json\/wp\/v2\/product"}],"about":[{"href":"https:\/\/tumarca.co\/index.php\/wp-json\/wp\/v2\/types\/product"}],"replies":[{"embeddable":true,"href":"https:\/\/tumarca.co\/index.php\/wp-json\/wp\/v2\/comments?post=5107"}],"version-history":[{"count":0,"href":"https:\/\/tumarca.co\/index.php\/wp-json\/wp\/v2\/product\/5107\/revisions"}],"wp:featuredmedia":[{"embeddable":true,"href":"https:\/\/tumarca.co\/index.php\/wp-json\/wp\/v2\/media\/5106"}],"wp:attachment":[{"href":"https:\/\/tumarca.co\/index.php\/wp-json\/wp\/v2\/media?parent=5107"}],"wp:term":[{"taxonomy":"product_brand","embeddable":true,"href":"https:\/\/tumarca.co\/index.php\/wp-json\/wp\/v2\/product_brand?post=5107"},{"taxonomy":"product_cat","embeddable":true,"href":"https:\/\/tumarca.co\/index.php\/wp-json\/wp\/v2\/product_cat?post=5107"},{"taxonomy":"product_tag","embeddable":true,"href":"https:\/\/tumarca.co\/index.php\/wp-json\/wp\/v2\/product_tag?post=5107"}],"curies":[{"name":"wp","href":"https:\/\/api.w.org\/{rel}","templated":true}]}}