{"id":5123,"date":"2019-07-08T05:43:23","date_gmt":"2019-07-08T05:43:23","guid":{"rendered":"http:\/\/tumarca.co\/2019\/index.php\/product\/fidget-spinner-opener\/"},"modified":"2019-07-08T05:43:23","modified_gmt":"2019-07-08T05:43:23","slug":"fidget-spinner-opener","status":"publish","type":"product","link":"https:\/\/tumarca.co\/index.php\/product\/fidget-spinner-opener\/","title":{"rendered":"Fidget Spinner Opener"},"content":{"rendered":"<p>Dispositivo especial para aliviar el estr\u00e9s, mejorar la concentraci\u00f3n o liberar energ\u00eda. Consiste en hacer girar lo m\u00e1s r\u00e1pido posible en la mano o sobre una superficie plana. Con funci\u00f3n de  destapador a cada lado.<\/p>\n","protected":false},"excerpt":{"rendered":"<p>Dispositivo especial para aliviar el estr\u00e9s, mejorar la concentraci\u00f3n o liberar energ\u00eda. Consiste en hacer girar lo m\u00e1s r\u00e1pido posible en la mano o sobre una superficie plana. Con funci\u00f3n de destapador a cada lado.<\/p>\n","protected":false},"featured_media":5122,"comment_status":"closed","ping_status":"closed","template":"","meta":[],"product_brand":[],"product_cat":[57],"product_tag":[],"class_list":{"0":"post-5123","1":"product","2":"type-product","3":"status-publish","4":"has-post-thumbnail","6":"product_cat-recreacion","8":"first","9":"instock","10":"shipping-taxable","11":"product-type-simple"},"_links":{"self":[{"href":"https:\/\/tumarca.co\/index.php\/wp-json\/wp\/v2\/product\/5123","targetHints":{"allow":["GET"]}}],"collection":[{"href":"https:\/\/tumarca.co\/index.php\/wp-json\/wp\/v2\/product"}],"about":[{"href":"https:\/\/tumarca.co\/index.php\/wp-json\/wp\/v2\/types\/product"}],"replies":[{"embeddable":true,"href":"https:\/\/tumarca.co\/index.php\/wp-json\/wp\/v2\/comments?post=5123"}],"version-history":[{"count":0,"href":"https:\/\/tumarca.co\/index.php\/wp-json\/wp\/v2\/product\/5123\/revisions"}],"wp:featuredmedia":[{"embeddable":true,"href":"https:\/\/tumarca.co\/index.php\/wp-json\/wp\/v2\/media\/5122"}],"wp:attachment":[{"href":"https:\/\/tumarca.co\/index.php\/wp-json\/wp\/v2\/media?parent=5123"}],"wp:term":[{"taxonomy":"product_brand","embeddable":true,"href":"https:\/\/tumarca.co\/index.php\/wp-json\/wp\/v2\/product_brand?post=5123"},{"taxonomy":"product_cat","embeddable":true,"href":"https:\/\/tumarca.co\/index.php\/wp-json\/wp\/v2\/product_cat?post=5123"},{"taxonomy":"product_tag","embeddable":true,"href":"https:\/\/tumarca.co\/index.php\/wp-json\/wp\/v2\/product_tag?post=5123"}],"curies":[{"name":"wp","href":"https:\/\/api.w.org\/{rel}","templated":true}]}}