{"id":5125,"date":"2019-07-08T05:44:17","date_gmt":"2019-07-08T05:44:17","guid":{"rendered":"http:\/\/tumarca.co\/2019\/index.php\/product\/spinner-cube\/"},"modified":"2019-07-08T05:44:17","modified_gmt":"2019-07-08T05:44:17","slug":"spinner-cube","status":"publish","type":"product","link":"https:\/\/tumarca.co\/index.php\/product\/spinner-cube\/","title":{"rendered":"Spinner Cube"},"content":{"rendered":"<p>Dispositivo especial en forma de cubo para aliviar el estr\u00e9s, mejorar la concentraci\u00f3n o liberar energ\u00eda. consiste en presionar los botones de cada lado.<\/p>\n","protected":false},"excerpt":{"rendered":"<p>Dispositivo especial en forma de cubo para aliviar el estr\u00e9s, mejorar la concentraci\u00f3n o liberar energ\u00eda. consiste en presionar los botones de cada lado.<\/p>\n","protected":false},"featured_media":5124,"comment_status":"closed","ping_status":"closed","template":"","meta":[],"product_brand":[],"product_cat":[57],"product_tag":[],"class_list":{"0":"post-5125","1":"product","2":"type-product","3":"status-publish","4":"has-post-thumbnail","6":"product_cat-recreacion","8":"first","9":"instock","10":"shipping-taxable","11":"product-type-simple"},"_links":{"self":[{"href":"https:\/\/tumarca.co\/index.php\/wp-json\/wp\/v2\/product\/5125","targetHints":{"allow":["GET"]}}],"collection":[{"href":"https:\/\/tumarca.co\/index.php\/wp-json\/wp\/v2\/product"}],"about":[{"href":"https:\/\/tumarca.co\/index.php\/wp-json\/wp\/v2\/types\/product"}],"replies":[{"embeddable":true,"href":"https:\/\/tumarca.co\/index.php\/wp-json\/wp\/v2\/comments?post=5125"}],"version-history":[{"count":0,"href":"https:\/\/tumarca.co\/index.php\/wp-json\/wp\/v2\/product\/5125\/revisions"}],"wp:featuredmedia":[{"embeddable":true,"href":"https:\/\/tumarca.co\/index.php\/wp-json\/wp\/v2\/media\/5124"}],"wp:attachment":[{"href":"https:\/\/tumarca.co\/index.php\/wp-json\/wp\/v2\/media?parent=5125"}],"wp:term":[{"taxonomy":"product_brand","embeddable":true,"href":"https:\/\/tumarca.co\/index.php\/wp-json\/wp\/v2\/product_brand?post=5125"},{"taxonomy":"product_cat","embeddable":true,"href":"https:\/\/tumarca.co\/index.php\/wp-json\/wp\/v2\/product_cat?post=5125"},{"taxonomy":"product_tag","embeddable":true,"href":"https:\/\/tumarca.co\/index.php\/wp-json\/wp\/v2\/product_tag?post=5125"}],"curies":[{"name":"wp","href":"https:\/\/api.w.org\/{rel}","templated":true}]}}