{"id":5215,"date":"2019-07-08T06:16:48","date_gmt":"2019-07-08T06:16:48","guid":{"rendered":"http:\/\/tumarca.co\/2019\/index.php\/product\/set-carga-audifonos-frail\/"},"modified":"2019-07-08T06:16:48","modified_gmt":"2019-07-08T06:16:48","slug":"set-carga-audifonos-frail","status":"publish","type":"product","link":"https:\/\/tumarca.co\/index.php\/product\/set-carga-audifonos-frail\/","title":{"rendered":"Set Carga + Aud\u00edfonos Frail"},"content":{"rendered":"<p>Cable de carga USB con 3 conectores: Mini y Micro para dispositivos Android. Lightning para IPhone. Aud\u00edfonos con entrada est\u00e1ndar 3,5 mm. Longitud del cable 1,10 m.  Viene en estuche pl\u00e1stico con gancho carabinero para transportar f\u00e1cilmente.<\/p>\n","protected":false},"excerpt":{"rendered":"<p>Cable de carga USB con 3 conectores: Mini y Micro para dispositivos Android. Lightning para IPhone. Aud\u00edfonos con entrada est\u00e1ndar 3,5 mm. Longitud del cable 1,10 m. Viene en estuche pl\u00e1stico con gancho carabinero para transportar f\u00e1cilmente.<\/p>\n","protected":false},"featured_media":5214,"comment_status":"closed","ping_status":"closed","template":"","meta":[],"product_brand":[],"product_cat":[95],"product_tag":[],"class_list":{"0":"post-5215","1":"product","2":"type-product","3":"status-publish","4":"has-post-thumbnail","6":"product_cat-cables-y-adaptadores-de-carga","8":"first","9":"instock","10":"shipping-taxable","11":"product-type-simple"},"_links":{"self":[{"href":"https:\/\/tumarca.co\/index.php\/wp-json\/wp\/v2\/product\/5215","targetHints":{"allow":["GET"]}}],"collection":[{"href":"https:\/\/tumarca.co\/index.php\/wp-json\/wp\/v2\/product"}],"about":[{"href":"https:\/\/tumarca.co\/index.php\/wp-json\/wp\/v2\/types\/product"}],"replies":[{"embeddable":true,"href":"https:\/\/tumarca.co\/index.php\/wp-json\/wp\/v2\/comments?post=5215"}],"version-history":[{"count":0,"href":"https:\/\/tumarca.co\/index.php\/wp-json\/wp\/v2\/product\/5215\/revisions"}],"wp:featuredmedia":[{"embeddable":true,"href":"https:\/\/tumarca.co\/index.php\/wp-json\/wp\/v2\/media\/5214"}],"wp:attachment":[{"href":"https:\/\/tumarca.co\/index.php\/wp-json\/wp\/v2\/media?parent=5215"}],"wp:term":[{"taxonomy":"product_brand","embeddable":true,"href":"https:\/\/tumarca.co\/index.php\/wp-json\/wp\/v2\/product_brand?post=5215"},{"taxonomy":"product_cat","embeddable":true,"href":"https:\/\/tumarca.co\/index.php\/wp-json\/wp\/v2\/product_cat?post=5215"},{"taxonomy":"product_tag","embeddable":true,"href":"https:\/\/tumarca.co\/index.php\/wp-json\/wp\/v2\/product_tag?post=5215"}],"curies":[{"name":"wp","href":"https:\/\/api.w.org\/{rel}","templated":true}]}}