{"id":5297,"date":"2019-07-08T06:29:14","date_gmt":"2019-07-08T06:29:14","guid":{"rendered":"http:\/\/tumarca.co\/2019\/index.php\/product\/powerbank-con-holder-line-3-200mah\/"},"modified":"2019-07-08T06:29:14","modified_gmt":"2019-07-08T06:29:14","slug":"powerbank-con-holder-line-3-200mah","status":"publish","type":"product","link":"https:\/\/tumarca.co\/index.php\/product\/powerbank-con-holder-line-3-200mah\/","title":{"rendered":"Powerbank con Holder Line 3.200mAh"},"content":{"rendered":"<p>Multicargador con chupas de succi\u00f3n que funciona como holder para dispositivos m\u00f3viles e ipads. Tipo de bater\u00eda: Litio-Ion. Capacidad 3.200mAh, salida DC 5V, entrada DC 5V.<\/p>\n","protected":false},"excerpt":{"rendered":"<p>Multicargador con chupas de succi\u00f3n que funciona como holder para dispositivos m\u00f3viles e ipads. Tipo de bater\u00eda: Litio-Ion. Capacidad 3.200mAh, salida DC 5V, entrada DC 5V.<\/p>\n","protected":false},"featured_media":5296,"comment_status":"closed","ping_status":"closed","template":"","meta":[],"product_brand":[],"product_cat":[97],"product_tag":[],"class_list":{"0":"post-5297","1":"product","2":"type-product","3":"status-publish","4":"has-post-thumbnail","6":"product_cat-pilas-power-bank","8":"first","9":"instock","10":"shipping-taxable","11":"product-type-simple"},"_links":{"self":[{"href":"https:\/\/tumarca.co\/index.php\/wp-json\/wp\/v2\/product\/5297","targetHints":{"allow":["GET"]}}],"collection":[{"href":"https:\/\/tumarca.co\/index.php\/wp-json\/wp\/v2\/product"}],"about":[{"href":"https:\/\/tumarca.co\/index.php\/wp-json\/wp\/v2\/types\/product"}],"replies":[{"embeddable":true,"href":"https:\/\/tumarca.co\/index.php\/wp-json\/wp\/v2\/comments?post=5297"}],"version-history":[{"count":0,"href":"https:\/\/tumarca.co\/index.php\/wp-json\/wp\/v2\/product\/5297\/revisions"}],"wp:featuredmedia":[{"embeddable":true,"href":"https:\/\/tumarca.co\/index.php\/wp-json\/wp\/v2\/media\/5296"}],"wp:attachment":[{"href":"https:\/\/tumarca.co\/index.php\/wp-json\/wp\/v2\/media?parent=5297"}],"wp:term":[{"taxonomy":"product_brand","embeddable":true,"href":"https:\/\/tumarca.co\/index.php\/wp-json\/wp\/v2\/product_brand?post=5297"},{"taxonomy":"product_cat","embeddable":true,"href":"https:\/\/tumarca.co\/index.php\/wp-json\/wp\/v2\/product_cat?post=5297"},{"taxonomy":"product_tag","embeddable":true,"href":"https:\/\/tumarca.co\/index.php\/wp-json\/wp\/v2\/product_tag?post=5297"}],"curies":[{"name":"wp","href":"https:\/\/api.w.org\/{rel}","templated":true}]}}