{"id":5325,"date":"2019-07-08T06:33:52","date_gmt":"2019-07-08T06:33:52","guid":{"rendered":"http:\/\/tumarca.co\/2019\/index.php\/product\/selfie-stick-petit\/"},"modified":"2019-07-08T06:33:52","modified_gmt":"2019-07-08T06:33:52","slug":"selfie-stick-petit","status":"publish","type":"product","link":"https:\/\/tumarca.co\/index.php\/product\/selfie-stick-petit\/","title":{"rendered":"Selfie Stick Petit"},"content":{"rendered":"<p>Brazo extensible para tomar fotograf\u00edas, incluye cable adaptador para conectar al plug de audio del tel\u00e9fono celular, no requiere bater\u00eda. <\/p>\n","protected":false},"excerpt":{"rendered":"<p>Brazo extensible para tomar fotograf\u00edas, incluye cable adaptador para conectar al plug de audio del tel\u00e9fono celular, no requiere bater\u00eda.<\/p>\n","protected":false},"featured_media":5324,"comment_status":"closed","ping_status":"closed","template":"","meta":[],"product_brand":[],"product_cat":[99],"product_tag":[],"class_list":{"0":"post-5325","1":"product","2":"type-product","3":"status-publish","4":"has-post-thumbnail","6":"product_cat-selfie","8":"first","9":"instock","10":"shipping-taxable","11":"product-type-simple"},"_links":{"self":[{"href":"https:\/\/tumarca.co\/index.php\/wp-json\/wp\/v2\/product\/5325","targetHints":{"allow":["GET"]}}],"collection":[{"href":"https:\/\/tumarca.co\/index.php\/wp-json\/wp\/v2\/product"}],"about":[{"href":"https:\/\/tumarca.co\/index.php\/wp-json\/wp\/v2\/types\/product"}],"replies":[{"embeddable":true,"href":"https:\/\/tumarca.co\/index.php\/wp-json\/wp\/v2\/comments?post=5325"}],"version-history":[{"count":0,"href":"https:\/\/tumarca.co\/index.php\/wp-json\/wp\/v2\/product\/5325\/revisions"}],"wp:featuredmedia":[{"embeddable":true,"href":"https:\/\/tumarca.co\/index.php\/wp-json\/wp\/v2\/media\/5324"}],"wp:attachment":[{"href":"https:\/\/tumarca.co\/index.php\/wp-json\/wp\/v2\/media?parent=5325"}],"wp:term":[{"taxonomy":"product_brand","embeddable":true,"href":"https:\/\/tumarca.co\/index.php\/wp-json\/wp\/v2\/product_brand?post=5325"},{"taxonomy":"product_cat","embeddable":true,"href":"https:\/\/tumarca.co\/index.php\/wp-json\/wp\/v2\/product_cat?post=5325"},{"taxonomy":"product_tag","embeddable":true,"href":"https:\/\/tumarca.co\/index.php\/wp-json\/wp\/v2\/product_tag?post=5325"}],"curies":[{"name":"wp","href":"https:\/\/api.w.org\/{rel}","templated":true}]}}