{"id":5331,"date":"2019-07-08T06:34:47","date_gmt":"2019-07-08T06:34:47","guid":{"rendered":"http:\/\/tumarca.co\/2019\/index.php\/product\/selfie-tripode\/"},"modified":"2019-07-08T06:34:47","modified_gmt":"2019-07-08T06:34:47","slug":"selfie-tripode","status":"publish","type":"product","link":"https:\/\/tumarca.co\/index.php\/product\/selfie-tripode\/","title":{"rendered":"Selfie Tripode"},"content":{"rendered":"<p>Selfie + Mini Tr\u00edpode + control obturador Bluetooth versi\u00f3n 3.0, distancia m\u00e1xima 10 M. El adaptador gira 270 grados y cuenta con 7 segmentos de apertura (hasta 80cm).<\/p>\n","protected":false},"excerpt":{"rendered":"<p>Selfie + Mini Tr\u00edpode + control obturador Bluetooth versi\u00f3n 3.0, distancia m\u00e1xima 10 M. El adaptador gira 270 grados y cuenta con 7 segmentos de apertura (hasta 80cm).<\/p>\n","protected":false},"featured_media":5330,"comment_status":"closed","ping_status":"closed","template":"","meta":[],"product_brand":[],"product_cat":[99],"product_tag":[],"class_list":{"0":"post-5331","1":"product","2":"type-product","3":"status-publish","4":"has-post-thumbnail","6":"product_cat-selfie","8":"first","9":"instock","10":"shipping-taxable","11":"product-type-simple"},"_links":{"self":[{"href":"https:\/\/tumarca.co\/index.php\/wp-json\/wp\/v2\/product\/5331","targetHints":{"allow":["GET"]}}],"collection":[{"href":"https:\/\/tumarca.co\/index.php\/wp-json\/wp\/v2\/product"}],"about":[{"href":"https:\/\/tumarca.co\/index.php\/wp-json\/wp\/v2\/types\/product"}],"replies":[{"embeddable":true,"href":"https:\/\/tumarca.co\/index.php\/wp-json\/wp\/v2\/comments?post=5331"}],"version-history":[{"count":0,"href":"https:\/\/tumarca.co\/index.php\/wp-json\/wp\/v2\/product\/5331\/revisions"}],"wp:featuredmedia":[{"embeddable":true,"href":"https:\/\/tumarca.co\/index.php\/wp-json\/wp\/v2\/media\/5330"}],"wp:attachment":[{"href":"https:\/\/tumarca.co\/index.php\/wp-json\/wp\/v2\/media?parent=5331"}],"wp:term":[{"taxonomy":"product_brand","embeddable":true,"href":"https:\/\/tumarca.co\/index.php\/wp-json\/wp\/v2\/product_brand?post=5331"},{"taxonomy":"product_cat","embeddable":true,"href":"https:\/\/tumarca.co\/index.php\/wp-json\/wp\/v2\/product_cat?post=5331"},{"taxonomy":"product_tag","embeddable":true,"href":"https:\/\/tumarca.co\/index.php\/wp-json\/wp\/v2\/product_tag?post=5331"}],"curies":[{"name":"wp","href":"https:\/\/api.w.org\/{rel}","templated":true}]}}