{"id":5333,"date":"2019-07-08T06:35:15","date_gmt":"2019-07-08T06:35:15","guid":{"rendered":"http:\/\/tumarca.co\/2019\/index.php\/product\/set-lente-ojo-de-pez\/"},"modified":"2019-07-08T06:35:15","modified_gmt":"2019-07-08T06:35:15","slug":"set-lente-ojo-de-pez","status":"publish","type":"product","link":"https:\/\/tumarca.co\/index.php\/product\/set-lente-ojo-de-pez\/","title":{"rendered":"Set Lente Ojo de Pez"},"content":{"rendered":"<p>3 lentes universales para tablet o smartphone, con clip 3 en 1: Ojo de pez: forma especial de objetivo gran angular 180\u00b0, cuya distorsi\u00f3n (deliberada) se asemeja a una imagen reflejada en una esfera. Gran angular: Se usa para vistas panor\u00e1micas, como paisajes u otros proyectos creativos. Macro: Especialmente dise\u00f1ado para enfocar correctamente a una distancia muy peque\u00f1a, para conseguir ampliaciones.\u00a0Incluye estuche en PU <\/p>\n","protected":false},"excerpt":{"rendered":"<p>3 lentes universales para tablet o smartphone, con clip 3 en 1: Ojo de pez: forma especial de objetivo gran angular 180\u00b0, cuya distorsi\u00f3n (deliberada) se asemeja a una imagen reflejada en una esfera. Gran angular: Se usa para vistas panor\u00e1micas, como paisajes u otros proyectos creativos. Macro: Especialmente dise\u00f1ado para enfocar correctamente a una [&hellip;]<\/p>\n","protected":false},"featured_media":5332,"comment_status":"closed","ping_status":"closed","template":"","meta":[],"product_brand":[],"product_cat":[100],"product_tag":[],"class_list":{"0":"post-5333","1":"product","2":"type-product","3":"status-publish","4":"has-post-thumbnail","6":"product_cat-telefonos-y-accesorios","8":"first","9":"instock","10":"shipping-taxable","11":"product-type-simple"},"_links":{"self":[{"href":"https:\/\/tumarca.co\/index.php\/wp-json\/wp\/v2\/product\/5333","targetHints":{"allow":["GET"]}}],"collection":[{"href":"https:\/\/tumarca.co\/index.php\/wp-json\/wp\/v2\/product"}],"about":[{"href":"https:\/\/tumarca.co\/index.php\/wp-json\/wp\/v2\/types\/product"}],"replies":[{"embeddable":true,"href":"https:\/\/tumarca.co\/index.php\/wp-json\/wp\/v2\/comments?post=5333"}],"version-history":[{"count":0,"href":"https:\/\/tumarca.co\/index.php\/wp-json\/wp\/v2\/product\/5333\/revisions"}],"wp:featuredmedia":[{"embeddable":true,"href":"https:\/\/tumarca.co\/index.php\/wp-json\/wp\/v2\/media\/5332"}],"wp:attachment":[{"href":"https:\/\/tumarca.co\/index.php\/wp-json\/wp\/v2\/media?parent=5333"}],"wp:term":[{"taxonomy":"product_brand","embeddable":true,"href":"https:\/\/tumarca.co\/index.php\/wp-json\/wp\/v2\/product_brand?post=5333"},{"taxonomy":"product_cat","embeddable":true,"href":"https:\/\/tumarca.co\/index.php\/wp-json\/wp\/v2\/product_cat?post=5333"},{"taxonomy":"product_tag","embeddable":true,"href":"https:\/\/tumarca.co\/index.php\/wp-json\/wp\/v2\/product_tag?post=5333"}],"curies":[{"name":"wp","href":"https:\/\/api.w.org\/{rel}","templated":true}]}}