{"id":5342,"date":"2019-07-08T06:42:26","date_gmt":"2019-07-08T06:42:26","guid":{"rendered":"http:\/\/tumarca.co\/2019\/index.php\/product\/holder-cleaner\/"},"modified":"2019-07-08T06:42:26","modified_gmt":"2019-07-08T06:42:26","slug":"holder-cleaner","status":"publish","type":"product","link":"https:\/\/tumarca.co\/index.php\/product\/holder-cleaner\/","title":{"rendered":"Holder Cleaner"},"content":{"rendered":"<p>Estuche pl\u00e1stico con Holder para el celular y pa\u00f1o para limpiar la pantalla de los dispositivos m\u00f3viles. <\/p>\n","protected":false},"excerpt":{"rendered":"<p>Estuche pl\u00e1stico con Holder para el celular y pa\u00f1o para limpiar la pantalla de los dispositivos m\u00f3viles.<\/p>\n","protected":false},"featured_media":5341,"comment_status":"closed","ping_status":"closed","template":"","meta":[],"product_brand":[],"product_cat":[87],"product_tag":[],"class_list":{"0":"post-5342","1":"product","2":"type-product","3":"status-publish","4":"has-post-thumbnail","6":"product_cat-accesorios-para-moviles","8":"first","9":"instock","10":"shipping-taxable","11":"product-type-simple"},"_links":{"self":[{"href":"https:\/\/tumarca.co\/index.php\/wp-json\/wp\/v2\/product\/5342","targetHints":{"allow":["GET"]}}],"collection":[{"href":"https:\/\/tumarca.co\/index.php\/wp-json\/wp\/v2\/product"}],"about":[{"href":"https:\/\/tumarca.co\/index.php\/wp-json\/wp\/v2\/types\/product"}],"replies":[{"embeddable":true,"href":"https:\/\/tumarca.co\/index.php\/wp-json\/wp\/v2\/comments?post=5342"}],"version-history":[{"count":0,"href":"https:\/\/tumarca.co\/index.php\/wp-json\/wp\/v2\/product\/5342\/revisions"}],"wp:featuredmedia":[{"embeddable":true,"href":"https:\/\/tumarca.co\/index.php\/wp-json\/wp\/v2\/media\/5341"}],"wp:attachment":[{"href":"https:\/\/tumarca.co\/index.php\/wp-json\/wp\/v2\/media?parent=5342"}],"wp:term":[{"taxonomy":"product_brand","embeddable":true,"href":"https:\/\/tumarca.co\/index.php\/wp-json\/wp\/v2\/product_brand?post=5342"},{"taxonomy":"product_cat","embeddable":true,"href":"https:\/\/tumarca.co\/index.php\/wp-json\/wp\/v2\/product_cat?post=5342"},{"taxonomy":"product_tag","embeddable":true,"href":"https:\/\/tumarca.co\/index.php\/wp-json\/wp\/v2\/product_tag?post=5342"}],"curies":[{"name":"wp","href":"https:\/\/api.w.org\/{rel}","templated":true}]}}