{"id":5348,"date":"2019-07-08T06:43:11","date_gmt":"2019-07-08T06:43:11","guid":{"rendered":"http:\/\/tumarca.co\/2019\/index.php\/product\/receptor-adaptador-bluetooth-free\/"},"modified":"2019-07-08T06:43:11","modified_gmt":"2019-07-08T06:43:11","slug":"receptor-adaptador-bluetooth-free","status":"publish","type":"product","link":"https:\/\/tumarca.co\/index.php\/product\/receptor-adaptador-bluetooth-free\/","title":{"rendered":"Receptor\/Adaptador Bluetooth Free"},"content":{"rendered":"<p>Sistema auxiliar de conexi\u00f3n v\u00eda Bluetooh. Es un adaptador que permite dotar de conectividad bluetooth a cualquier base de altavoces o aud\u00edfonos. Soporte manos libres. Versi\u00f3n de Bluetooth: 4.1. Distancia aprox. hasta 10 mt. Bater\u00eda recargable: 110mAh, Tiempo de espera: 200 horas. Tiempo de carga: 2 horas, Tiempo de reproducci\u00f3n: M\u00e1s de 5 horas despu\u00e9s de la carga completa. Incluye cable de carga y cable auxiliar 3,5mm.<\/p>\n","protected":false},"excerpt":{"rendered":"<p>Sistema auxiliar de conexi\u00f3n v\u00eda Bluetooh. Es un adaptador que permite dotar de conectividad bluetooth a cualquier base de altavoces o aud\u00edfonos. Soporte manos libres. Versi\u00f3n de Bluetooth: 4.1. Distancia aprox. hasta 10 mt. Bater\u00eda recargable: 110mAh, Tiempo de espera: 200 horas. Tiempo de carga: 2 horas, Tiempo de reproducci\u00f3n: M\u00e1s de 5 horas despu\u00e9s [&hellip;]<\/p>\n","protected":false},"featured_media":5347,"comment_status":"closed","ping_status":"closed","template":"","meta":[],"product_brand":[],"product_cat":[87],"product_tag":[],"class_list":{"0":"post-5348","1":"product","2":"type-product","3":"status-publish","4":"has-post-thumbnail","6":"product_cat-accesorios-para-moviles","8":"first","9":"instock","10":"shipping-taxable","11":"product-type-simple"},"_links":{"self":[{"href":"https:\/\/tumarca.co\/index.php\/wp-json\/wp\/v2\/product\/5348","targetHints":{"allow":["GET"]}}],"collection":[{"href":"https:\/\/tumarca.co\/index.php\/wp-json\/wp\/v2\/product"}],"about":[{"href":"https:\/\/tumarca.co\/index.php\/wp-json\/wp\/v2\/types\/product"}],"replies":[{"embeddable":true,"href":"https:\/\/tumarca.co\/index.php\/wp-json\/wp\/v2\/comments?post=5348"}],"version-history":[{"count":0,"href":"https:\/\/tumarca.co\/index.php\/wp-json\/wp\/v2\/product\/5348\/revisions"}],"wp:featuredmedia":[{"embeddable":true,"href":"https:\/\/tumarca.co\/index.php\/wp-json\/wp\/v2\/media\/5347"}],"wp:attachment":[{"href":"https:\/\/tumarca.co\/index.php\/wp-json\/wp\/v2\/media?parent=5348"}],"wp:term":[{"taxonomy":"product_brand","embeddable":true,"href":"https:\/\/tumarca.co\/index.php\/wp-json\/wp\/v2\/product_brand?post=5348"},{"taxonomy":"product_cat","embeddable":true,"href":"https:\/\/tumarca.co\/index.php\/wp-json\/wp\/v2\/product_cat?post=5348"},{"taxonomy":"product_tag","embeddable":true,"href":"https:\/\/tumarca.co\/index.php\/wp-json\/wp\/v2\/product_tag?post=5348"}],"curies":[{"name":"wp","href":"https:\/\/api.w.org\/{rel}","templated":true}]}}