{"id":5352,"date":"2019-07-08T06:44:02","date_gmt":"2019-07-08T06:44:02","guid":{"rendered":"http:\/\/tumarca.co\/2019\/index.php\/product\/lente-para-celular-zoom\/"},"modified":"2019-07-08T06:44:02","modified_gmt":"2019-07-08T06:44:02","slug":"lente-para-celular-zoom","status":"publish","type":"product","link":"https:\/\/tumarca.co\/index.php\/product\/lente-para-celular-zoom\/","title":{"rendered":"Lente para Celular Zoom"},"content":{"rendered":"<p>Lente Zoom\u00a0\u00f3ptico tipo telescopio para celulares o tablets, se pueden tomar fotograf\u00edas hasta de 3 metros y enfocar para tener una mejor resoluci\u00f3n.<\/p>\n","protected":false},"excerpt":{"rendered":"<p>Lente Zoom\u00a0\u00f3ptico tipo telescopio para celulares o tablets, se pueden tomar fotograf\u00edas hasta de 3 metros y enfocar para tener una mejor resoluci\u00f3n.<\/p>\n","protected":false},"featured_media":5351,"comment_status":"closed","ping_status":"closed","template":"","meta":[],"product_brand":[],"product_cat":[87],"product_tag":[],"class_list":{"0":"post-5352","1":"product","2":"type-product","3":"status-publish","4":"has-post-thumbnail","6":"product_cat-accesorios-para-moviles","8":"first","9":"instock","10":"shipping-taxable","11":"product-type-simple"},"_links":{"self":[{"href":"https:\/\/tumarca.co\/index.php\/wp-json\/wp\/v2\/product\/5352","targetHints":{"allow":["GET"]}}],"collection":[{"href":"https:\/\/tumarca.co\/index.php\/wp-json\/wp\/v2\/product"}],"about":[{"href":"https:\/\/tumarca.co\/index.php\/wp-json\/wp\/v2\/types\/product"}],"replies":[{"embeddable":true,"href":"https:\/\/tumarca.co\/index.php\/wp-json\/wp\/v2\/comments?post=5352"}],"version-history":[{"count":0,"href":"https:\/\/tumarca.co\/index.php\/wp-json\/wp\/v2\/product\/5352\/revisions"}],"wp:featuredmedia":[{"embeddable":true,"href":"https:\/\/tumarca.co\/index.php\/wp-json\/wp\/v2\/media\/5351"}],"wp:attachment":[{"href":"https:\/\/tumarca.co\/index.php\/wp-json\/wp\/v2\/media?parent=5352"}],"wp:term":[{"taxonomy":"product_brand","embeddable":true,"href":"https:\/\/tumarca.co\/index.php\/wp-json\/wp\/v2\/product_brand?post=5352"},{"taxonomy":"product_cat","embeddable":true,"href":"https:\/\/tumarca.co\/index.php\/wp-json\/wp\/v2\/product_cat?post=5352"},{"taxonomy":"product_tag","embeddable":true,"href":"https:\/\/tumarca.co\/index.php\/wp-json\/wp\/v2\/product_tag?post=5352"}],"curies":[{"name":"wp","href":"https:\/\/api.w.org\/{rel}","templated":true}]}}