{"id":5374,"date":"2019-07-08T06:47:24","date_gmt":"2019-07-08T06:47:24","guid":{"rendered":"http:\/\/tumarca.co\/2019\/index.php\/product\/protector-tarjetas-neat\/"},"modified":"2019-07-08T06:47:24","modified_gmt":"2019-07-08T06:47:24","slug":"protector-tarjetas-neat","status":"publish","type":"product","link":"https:\/\/tumarca.co\/index.php\/product\/protector-tarjetas-neat\/","title":{"rendered":"Protector Tarjetas Neat"},"content":{"rendered":"<p>Porta- tarjetas de tel\u00e9fono con bloqueo de se\u00f1al  RFID (radiofrecuencia), evitando el acceso por radio frecuencia a los datos de las tarjetas de cr\u00e9dito o debito, incluyendo las conexiones por NFC que est\u00e1n presentes en muchos smartphones. Incluye cinta tipo 3M resistente, para adherir f\u00e1cilmente as\u00ed podr\u00e1 cargar sus documentos en la parte trasera de su dispositivo m\u00f3vil, sin inconvenientes. <\/p>\n","protected":false},"excerpt":{"rendered":"<p>Porta- tarjetas de tel\u00e9fono con bloqueo de se\u00f1al RFID (radiofrecuencia), evitando el acceso por radio frecuencia a los datos de las tarjetas de cr\u00e9dito o debito, incluyendo las conexiones por NFC que est\u00e1n presentes en muchos smartphones. Incluye cinta tipo 3M resistente, para adherir f\u00e1cilmente as\u00ed podr\u00e1 cargar sus documentos en la parte trasera de [&hellip;]<\/p>\n","protected":false},"featured_media":5373,"comment_status":"closed","ping_status":"closed","template":"","meta":[],"product_brand":[],"product_cat":[87],"product_tag":[],"class_list":{"0":"post-5374","1":"product","2":"type-product","3":"status-publish","4":"has-post-thumbnail","6":"product_cat-accesorios-para-moviles","8":"first","9":"instock","10":"shipping-taxable","11":"product-type-simple"},"_links":{"self":[{"href":"https:\/\/tumarca.co\/index.php\/wp-json\/wp\/v2\/product\/5374","targetHints":{"allow":["GET"]}}],"collection":[{"href":"https:\/\/tumarca.co\/index.php\/wp-json\/wp\/v2\/product"}],"about":[{"href":"https:\/\/tumarca.co\/index.php\/wp-json\/wp\/v2\/types\/product"}],"replies":[{"embeddable":true,"href":"https:\/\/tumarca.co\/index.php\/wp-json\/wp\/v2\/comments?post=5374"}],"version-history":[{"count":0,"href":"https:\/\/tumarca.co\/index.php\/wp-json\/wp\/v2\/product\/5374\/revisions"}],"wp:featuredmedia":[{"embeddable":true,"href":"https:\/\/tumarca.co\/index.php\/wp-json\/wp\/v2\/media\/5373"}],"wp:attachment":[{"href":"https:\/\/tumarca.co\/index.php\/wp-json\/wp\/v2\/media?parent=5374"}],"wp:term":[{"taxonomy":"product_brand","embeddable":true,"href":"https:\/\/tumarca.co\/index.php\/wp-json\/wp\/v2\/product_brand?post=5374"},{"taxonomy":"product_cat","embeddable":true,"href":"https:\/\/tumarca.co\/index.php\/wp-json\/wp\/v2\/product_cat?post=5374"},{"taxonomy":"product_tag","embeddable":true,"href":"https:\/\/tumarca.co\/index.php\/wp-json\/wp\/v2\/product_tag?post=5374"}],"curies":[{"name":"wp","href":"https:\/\/api.w.org\/{rel}","templated":true}]}}