{"id":5378,"date":"2019-07-08T06:47:57","date_gmt":"2019-07-08T06:47:57","guid":{"rendered":"http:\/\/tumarca.co\/2019\/index.php\/product\/soporte-celular-lima\/"},"modified":"2019-07-08T06:47:57","modified_gmt":"2019-07-08T06:47:57","slug":"soporte-celular-lima","status":"publish","type":"product","link":"https:\/\/tumarca.co\/index.php\/product\/soporte-celular-lima\/","title":{"rendered":"Soporte Celular Lima"},"content":{"rendered":"<p>Holder para celular y luz de noche: S\u00f3lo coloque la silicona en la posici\u00f3n del LED de su dispositivo y este le ayudar\u00e1 a difundir la luz. Es \u00fatil cuando se necesita un soporte y una luz ambiente, alivia la fatiga ocular: al a\u00f1adir una luz de fondo, se reduce la fatiga visual causada por las diferencias de brillo de la imagen. Hecho en silicona lavable libre de BPA.<\/p>\n","protected":false},"excerpt":{"rendered":"<p>Holder para celular y luz de noche: S\u00f3lo coloque la silicona en la posici\u00f3n del LED de su dispositivo y este le ayudar\u00e1 a difundir la luz. Es \u00fatil cuando se necesita un soporte y una luz ambiente, alivia la fatiga ocular: al a\u00f1adir una luz de fondo, se reduce la fatiga visual causada por [&hellip;]<\/p>\n","protected":false},"featured_media":5377,"comment_status":"closed","ping_status":"closed","template":"","meta":[],"product_brand":[],"product_cat":[87],"product_tag":[],"class_list":{"0":"post-5378","1":"product","2":"type-product","3":"status-publish","4":"has-post-thumbnail","6":"product_cat-accesorios-para-moviles","8":"first","9":"instock","10":"shipping-taxable","11":"product-type-simple"},"_links":{"self":[{"href":"https:\/\/tumarca.co\/index.php\/wp-json\/wp\/v2\/product\/5378","targetHints":{"allow":["GET"]}}],"collection":[{"href":"https:\/\/tumarca.co\/index.php\/wp-json\/wp\/v2\/product"}],"about":[{"href":"https:\/\/tumarca.co\/index.php\/wp-json\/wp\/v2\/types\/product"}],"replies":[{"embeddable":true,"href":"https:\/\/tumarca.co\/index.php\/wp-json\/wp\/v2\/comments?post=5378"}],"version-history":[{"count":0,"href":"https:\/\/tumarca.co\/index.php\/wp-json\/wp\/v2\/product\/5378\/revisions"}],"wp:featuredmedia":[{"embeddable":true,"href":"https:\/\/tumarca.co\/index.php\/wp-json\/wp\/v2\/media\/5377"}],"wp:attachment":[{"href":"https:\/\/tumarca.co\/index.php\/wp-json\/wp\/v2\/media?parent=5378"}],"wp:term":[{"taxonomy":"product_brand","embeddable":true,"href":"https:\/\/tumarca.co\/index.php\/wp-json\/wp\/v2\/product_brand?post=5378"},{"taxonomy":"product_cat","embeddable":true,"href":"https:\/\/tumarca.co\/index.php\/wp-json\/wp\/v2\/product_cat?post=5378"},{"taxonomy":"product_tag","embeddable":true,"href":"https:\/\/tumarca.co\/index.php\/wp-json\/wp\/v2\/product_tag?post=5378"}],"curies":[{"name":"wp","href":"https:\/\/api.w.org\/{rel}","templated":true}]}}