{"id":5386,"date":"2019-07-08T06:49:15","date_gmt":"2019-07-08T06:49:15","guid":{"rendered":"http:\/\/tumarca.co\/2019\/index.php\/product\/altavoz-expandible-music\/"},"modified":"2019-07-08T06:49:15","modified_gmt":"2019-07-08T06:49:15","slug":"altavoz-expandible-music","status":"publish","type":"product","link":"https:\/\/tumarca.co\/index.php\/product\/altavoz-expandible-music\/","title":{"rendered":"Altavoz Expandible Music"},"content":{"rendered":"<p>Altavoz est\u00e9reo con puerto de carga USB, plug de audio est\u00e1ndar y luz indicadora LED. Incluye bot\u00f3n de encendido y apagado, orificio para adicionar un colgante y facilitar su transporte, puede utilizarse cerrado o expandir haci\u00e9ndolo un dispositivo compacto. <\/p>\n","protected":false},"excerpt":{"rendered":"<p>Altavoz est\u00e9reo con puerto de carga USB, plug de audio est\u00e1ndar y luz indicadora LED. Incluye bot\u00f3n de encendido y apagado, orificio para adicionar un colgante y facilitar su transporte, puede utilizarse cerrado o expandir haci\u00e9ndolo un dispositivo compacto.<\/p>\n","protected":false},"featured_media":5385,"comment_status":"closed","ping_status":"closed","template":"","meta":[],"product_brand":[],"product_cat":[89],"product_tag":[],"class_list":{"0":"post-5386","1":"product","2":"type-product","3":"status-publish","4":"has-post-thumbnail","6":"product_cat-altavoz","8":"first","9":"instock","10":"shipping-taxable","11":"product-type-simple"},"_links":{"self":[{"href":"https:\/\/tumarca.co\/index.php\/wp-json\/wp\/v2\/product\/5386","targetHints":{"allow":["GET"]}}],"collection":[{"href":"https:\/\/tumarca.co\/index.php\/wp-json\/wp\/v2\/product"}],"about":[{"href":"https:\/\/tumarca.co\/index.php\/wp-json\/wp\/v2\/types\/product"}],"replies":[{"embeddable":true,"href":"https:\/\/tumarca.co\/index.php\/wp-json\/wp\/v2\/comments?post=5386"}],"version-history":[{"count":0,"href":"https:\/\/tumarca.co\/index.php\/wp-json\/wp\/v2\/product\/5386\/revisions"}],"wp:featuredmedia":[{"embeddable":true,"href":"https:\/\/tumarca.co\/index.php\/wp-json\/wp\/v2\/media\/5385"}],"wp:attachment":[{"href":"https:\/\/tumarca.co\/index.php\/wp-json\/wp\/v2\/media?parent=5386"}],"wp:term":[{"taxonomy":"product_brand","embeddable":true,"href":"https:\/\/tumarca.co\/index.php\/wp-json\/wp\/v2\/product_brand?post=5386"},{"taxonomy":"product_cat","embeddable":true,"href":"https:\/\/tumarca.co\/index.php\/wp-json\/wp\/v2\/product_cat?post=5386"},{"taxonomy":"product_tag","embeddable":true,"href":"https:\/\/tumarca.co\/index.php\/wp-json\/wp\/v2\/product_tag?post=5386"}],"curies":[{"name":"wp","href":"https:\/\/api.w.org\/{rel}","templated":true}]}}