{"id":5388,"date":"2019-07-08T06:49:41","date_gmt":"2019-07-08T06:49:41","guid":{"rendered":"http:\/\/tumarca.co\/2019\/index.php\/product\/altavoz-bluetooth-feast\/"},"modified":"2019-07-08T06:49:41","modified_gmt":"2019-07-08T06:49:41","slug":"altavoz-bluetooth-feast","status":"publish","type":"product","link":"https:\/\/tumarca.co\/index.php\/product\/altavoz-bluetooth-feast\/","title":{"rendered":"Altavoz Bluetooth Feast"},"content":{"rendered":"<p>Altavoz y manos libres Bluetooth versi\u00f3n 2,0. Voltaje de carga: 3.7V, capacidad: 350 mAh, voltaje: 5V 95D, distorsi\u00f3n: \u2264 0.5%, soporte A2DP\/AVRCP, le permitir\u00e1 disfrutar su m\u00fasica con sonido de alta fidelidad. Incluye cable de carga USB, cable con plug de salida est\u00e1ndar 3,5 mm y ranura para tarjeta micro SD (no incluida).<\/p>\n","protected":false},"excerpt":{"rendered":"<p>Altavoz y manos libres Bluetooth versi\u00f3n 2,0. Voltaje de carga: 3.7V, capacidad: 350 mAh, voltaje: 5V 95D, distorsi\u00f3n: \u2264 0.5%, soporte A2DP\/AVRCP, le permitir\u00e1 disfrutar su m\u00fasica con sonido de alta fidelidad. Incluye cable de carga USB, cable con plug de salida est\u00e1ndar 3,5 mm y ranura para tarjeta micro SD (no incluida).<\/p>\n","protected":false},"featured_media":5387,"comment_status":"closed","ping_status":"closed","template":"","meta":[],"product_brand":[],"product_cat":[90],"product_tag":[],"class_list":{"0":"post-5388","1":"product","2":"type-product","3":"status-publish","4":"has-post-thumbnail","6":"product_cat-altavoz-bluetooth","8":"first","9":"instock","10":"shipping-taxable","11":"product-type-simple"},"_links":{"self":[{"href":"https:\/\/tumarca.co\/index.php\/wp-json\/wp\/v2\/product\/5388","targetHints":{"allow":["GET"]}}],"collection":[{"href":"https:\/\/tumarca.co\/index.php\/wp-json\/wp\/v2\/product"}],"about":[{"href":"https:\/\/tumarca.co\/index.php\/wp-json\/wp\/v2\/types\/product"}],"replies":[{"embeddable":true,"href":"https:\/\/tumarca.co\/index.php\/wp-json\/wp\/v2\/comments?post=5388"}],"version-history":[{"count":0,"href":"https:\/\/tumarca.co\/index.php\/wp-json\/wp\/v2\/product\/5388\/revisions"}],"wp:featuredmedia":[{"embeddable":true,"href":"https:\/\/tumarca.co\/index.php\/wp-json\/wp\/v2\/media\/5387"}],"wp:attachment":[{"href":"https:\/\/tumarca.co\/index.php\/wp-json\/wp\/v2\/media?parent=5388"}],"wp:term":[{"taxonomy":"product_brand","embeddable":true,"href":"https:\/\/tumarca.co\/index.php\/wp-json\/wp\/v2\/product_brand?post=5388"},{"taxonomy":"product_cat","embeddable":true,"href":"https:\/\/tumarca.co\/index.php\/wp-json\/wp\/v2\/product_cat?post=5388"},{"taxonomy":"product_tag","embeddable":true,"href":"https:\/\/tumarca.co\/index.php\/wp-json\/wp\/v2\/product_tag?post=5388"}],"curies":[{"name":"wp","href":"https:\/\/api.w.org\/{rel}","templated":true}]}}