{"id":5390,"date":"2019-07-08T06:49:56","date_gmt":"2019-07-08T06:49:56","guid":{"rendered":"http:\/\/tumarca.co\/2019\/index.php\/product\/altavoz-bluetooth-party\/"},"modified":"2019-07-08T06:49:56","modified_gmt":"2019-07-08T06:49:56","slug":"altavoz-bluetooth-party","status":"publish","type":"product","link":"https:\/\/tumarca.co\/index.php\/product\/altavoz-bluetooth-party\/","title":{"rendered":"Altavoz Bluetooth Party"},"content":{"rendered":"<p>Altavoz y manos libres Bluetooth V2.1 + EDR, potencia de Salida : 3 W x 2 canales.  S\/N radio: >80db, rango de frecuencia: 160Hz-20 KHz, voltaje de bater\u00eda: 3.7V DC, distorsi\u00f3n THD: <1%, bater\u00eda: de Litio 3.7V DC\/1200mAh, voltaje de Carga: 5V +0.25V\/1A.  Tiempo de funcionamiento: 4-6 horas (Dependiendo del nivel de volumen con que se utilice). Incluye cable de carga USB, cable con plug de salida est\u00e1ndar 3,5 mm y ranura para tarjeta micro SD (no incluida). Mientras est\u00e1 en la funci\u00f3n Bluetooth alumbra en diferentes colores. Reproduce desde el puerto USB. Con radio FM, el cable USB funciona como antena. \n<\/p>\n","protected":false},"excerpt":{"rendered":"<p>Altavoz y manos libres Bluetooth V2.1 + EDR, potencia de Salida : 3 W x 2 canales. S\/N radio: >80db, rango de frecuencia: 160Hz-20 KHz, voltaje de bater\u00eda: 3.7V DC, distorsi\u00f3n THD:<\/p>\n","protected":false},"featured_media":5389,"comment_status":"closed","ping_status":"closed","template":"","meta":[],"product_brand":[],"product_cat":[90],"product_tag":[],"class_list":{"0":"post-5390","1":"product","2":"type-product","3":"status-publish","4":"has-post-thumbnail","6":"product_cat-altavoz-bluetooth","8":"first","9":"instock","10":"shipping-taxable","11":"product-type-simple"},"_links":{"self":[{"href":"https:\/\/tumarca.co\/index.php\/wp-json\/wp\/v2\/product\/5390","targetHints":{"allow":["GET"]}}],"collection":[{"href":"https:\/\/tumarca.co\/index.php\/wp-json\/wp\/v2\/product"}],"about":[{"href":"https:\/\/tumarca.co\/index.php\/wp-json\/wp\/v2\/types\/product"}],"replies":[{"embeddable":true,"href":"https:\/\/tumarca.co\/index.php\/wp-json\/wp\/v2\/comments?post=5390"}],"version-history":[{"count":0,"href":"https:\/\/tumarca.co\/index.php\/wp-json\/wp\/v2\/product\/5390\/revisions"}],"wp:featuredmedia":[{"embeddable":true,"href":"https:\/\/tumarca.co\/index.php\/wp-json\/wp\/v2\/media\/5389"}],"wp:attachment":[{"href":"https:\/\/tumarca.co\/index.php\/wp-json\/wp\/v2\/media?parent=5390"}],"wp:term":[{"taxonomy":"product_brand","embeddable":true,"href":"https:\/\/tumarca.co\/index.php\/wp-json\/wp\/v2\/product_brand?post=5390"},{"taxonomy":"product_cat","embeddable":true,"href":"https:\/\/tumarca.co\/index.php\/wp-json\/wp\/v2\/product_cat?post=5390"},{"taxonomy":"product_tag","embeddable":true,"href":"https:\/\/tumarca.co\/index.php\/wp-json\/wp\/v2\/product_tag?post=5390"}],"curies":[{"name":"wp","href":"https:\/\/api.w.org\/{rel}","templated":true}]}}