{"id":5392,"date":"2019-07-08T06:50:16","date_gmt":"2019-07-08T06:50:16","guid":{"rendered":"http:\/\/tumarca.co\/2019\/index.php\/product\/altavoz-bluetooth-holiday\/"},"modified":"2019-07-08T06:50:16","modified_gmt":"2019-07-08T06:50:16","slug":"altavoz-bluetooth-holiday","status":"publish","type":"product","link":"https:\/\/tumarca.co\/index.php\/product\/altavoz-bluetooth-holiday\/","title":{"rendered":"Altavoz Bluetooth Holiday"},"content":{"rendered":"<p>Altavoz Bluetooth versi\u00f3n 3.0. potencia de salida: 3W, capacidad de la bater\u00eda: 300 mAh (DC 5V), altavoz D40mm(130HZ-20KHZ), tiempo de reproducci\u00f3n 2- 3  Horas, tiempo de espera >20 horas. Incluye cable de carga USB, cable con plug de salida est\u00e1ndar 3,5 mm y ranura para tarjeta micro SD (no incluida). Con luz en la parte inferior del dispositivo y funci\u00f3n de radio FM.<\/p>\n","protected":false},"excerpt":{"rendered":"<p>Altavoz Bluetooth versi\u00f3n 3.0. potencia de salida: 3W, capacidad de la bater\u00eda: 300 mAh (DC 5V), altavoz D40mm(130HZ-20KHZ), tiempo de reproducci\u00f3n 2- 3 Horas, tiempo de espera >20 horas. Incluye cable de carga USB, cable con plug de salida est\u00e1ndar 3,5 mm y ranura para tarjeta micro SD (no incluida). Con luz en la parte [&hellip;]<\/p>\n","protected":false},"featured_media":5391,"comment_status":"closed","ping_status":"closed","template":"","meta":[],"product_brand":[],"product_cat":[90],"product_tag":[],"class_list":{"0":"post-5392","1":"product","2":"type-product","3":"status-publish","4":"has-post-thumbnail","6":"product_cat-altavoz-bluetooth","8":"first","9":"instock","10":"shipping-taxable","11":"product-type-simple"},"_links":{"self":[{"href":"https:\/\/tumarca.co\/index.php\/wp-json\/wp\/v2\/product\/5392","targetHints":{"allow":["GET"]}}],"collection":[{"href":"https:\/\/tumarca.co\/index.php\/wp-json\/wp\/v2\/product"}],"about":[{"href":"https:\/\/tumarca.co\/index.php\/wp-json\/wp\/v2\/types\/product"}],"replies":[{"embeddable":true,"href":"https:\/\/tumarca.co\/index.php\/wp-json\/wp\/v2\/comments?post=5392"}],"version-history":[{"count":0,"href":"https:\/\/tumarca.co\/index.php\/wp-json\/wp\/v2\/product\/5392\/revisions"}],"wp:featuredmedia":[{"embeddable":true,"href":"https:\/\/tumarca.co\/index.php\/wp-json\/wp\/v2\/media\/5391"}],"wp:attachment":[{"href":"https:\/\/tumarca.co\/index.php\/wp-json\/wp\/v2\/media?parent=5392"}],"wp:term":[{"taxonomy":"product_brand","embeddable":true,"href":"https:\/\/tumarca.co\/index.php\/wp-json\/wp\/v2\/product_brand?post=5392"},{"taxonomy":"product_cat","embeddable":true,"href":"https:\/\/tumarca.co\/index.php\/wp-json\/wp\/v2\/product_cat?post=5392"},{"taxonomy":"product_tag","embeddable":true,"href":"https:\/\/tumarca.co\/index.php\/wp-json\/wp\/v2\/product_tag?post=5392"}],"curies":[{"name":"wp","href":"https:\/\/api.w.org\/{rel}","templated":true}]}}