{"id":5394,"date":"2019-07-08T06:50:28","date_gmt":"2019-07-08T06:50:28","guid":{"rendered":"http:\/\/tumarca.co\/2019\/index.php\/product\/altavoz-bluetooth-vintage\/"},"modified":"2019-07-08T06:50:28","modified_gmt":"2019-07-08T06:50:28","slug":"altavoz-bluetooth-vintage","status":"publish","type":"product","link":"https:\/\/tumarca.co\/index.php\/product\/altavoz-bluetooth-vintage\/","title":{"rendered":"Altavoz Bluetooth Vintage"},"content":{"rendered":"<p>Altavoz con Bluetooth, potencia de salida: 3W ,SNR: \u226590\u00b13dB, parlante D40mm(180HZ-20KHZ), bater\u00eda de pol\u00edmero de 500mAh (DC5V), Tiempo de funcionamiento: 1.5 \u2013 2 horas. Incluye cable USB y cable auxiliar est\u00e1ndar con plug 3,5 mm. Tiene bandeja desplegable que funciona como soporte del tel\u00e9fono m\u00f3vil.<\/p>\n","protected":false},"excerpt":{"rendered":"<p>Altavoz con Bluetooth, potencia de salida: 3W ,SNR: \u226590\u00b13dB, parlante D40mm(180HZ-20KHZ), bater\u00eda de pol\u00edmero de 500mAh (DC5V), Tiempo de funcionamiento: 1.5 \u2013 2 horas. Incluye cable USB y cable auxiliar est\u00e1ndar con plug 3,5 mm. Tiene bandeja desplegable que funciona como soporte del tel\u00e9fono m\u00f3vil.<\/p>\n","protected":false},"featured_media":5393,"comment_status":"closed","ping_status":"closed","template":"","meta":[],"product_brand":[],"product_cat":[90],"product_tag":[],"class_list":{"0":"post-5394","1":"product","2":"type-product","3":"status-publish","4":"has-post-thumbnail","6":"product_cat-altavoz-bluetooth","8":"first","9":"instock","10":"shipping-taxable","11":"product-type-simple"},"_links":{"self":[{"href":"https:\/\/tumarca.co\/index.php\/wp-json\/wp\/v2\/product\/5394","targetHints":{"allow":["GET"]}}],"collection":[{"href":"https:\/\/tumarca.co\/index.php\/wp-json\/wp\/v2\/product"}],"about":[{"href":"https:\/\/tumarca.co\/index.php\/wp-json\/wp\/v2\/types\/product"}],"replies":[{"embeddable":true,"href":"https:\/\/tumarca.co\/index.php\/wp-json\/wp\/v2\/comments?post=5394"}],"version-history":[{"count":0,"href":"https:\/\/tumarca.co\/index.php\/wp-json\/wp\/v2\/product\/5394\/revisions"}],"wp:featuredmedia":[{"embeddable":true,"href":"https:\/\/tumarca.co\/index.php\/wp-json\/wp\/v2\/media\/5393"}],"wp:attachment":[{"href":"https:\/\/tumarca.co\/index.php\/wp-json\/wp\/v2\/media?parent=5394"}],"wp:term":[{"taxonomy":"product_brand","embeddable":true,"href":"https:\/\/tumarca.co\/index.php\/wp-json\/wp\/v2\/product_brand?post=5394"},{"taxonomy":"product_cat","embeddable":true,"href":"https:\/\/tumarca.co\/index.php\/wp-json\/wp\/v2\/product_cat?post=5394"},{"taxonomy":"product_tag","embeddable":true,"href":"https:\/\/tumarca.co\/index.php\/wp-json\/wp\/v2\/product_tag?post=5394"}],"curies":[{"name":"wp","href":"https:\/\/api.w.org\/{rel}","templated":true}]}}