{"id":5396,"date":"2019-07-08T06:50:47","date_gmt":"2019-07-08T06:50:47","guid":{"rendered":"http:\/\/tumarca.co\/2019\/index.php\/product\/altavoz-bluethooth-meca\/"},"modified":"2019-07-08T06:50:47","modified_gmt":"2019-07-08T06:50:47","slug":"altavoz-bluethooth-meca","status":"publish","type":"product","link":"https:\/\/tumarca.co\/index.php\/product\/altavoz-bluethooth-meca\/","title":{"rendered":"Altavoz Bluethooth Meca"},"content":{"rendered":"<p>Mini altavoz, con bater\u00eda de 3,7V\/180mAh, USB interfaz micro 5pin, Bluetooth de distancia m\u00e1xima 10m. Incluye micr\u00f3fono para contestar llamadas, funciona como obturador para la c\u00e1mara de dispositivos m\u00f3viles. Incluye luz indicadora de carga, luz de Bluetooh y cable USB.<\/p>\n","protected":false},"excerpt":{"rendered":"<p>Mini altavoz, con bater\u00eda de 3,7V\/180mAh, USB interfaz micro 5pin, Bluetooth de distancia m\u00e1xima 10m. Incluye micr\u00f3fono para contestar llamadas, funciona como obturador para la c\u00e1mara de dispositivos m\u00f3viles. Incluye luz indicadora de carga, luz de Bluetooh y cable USB.<\/p>\n","protected":false},"featured_media":5395,"comment_status":"closed","ping_status":"closed","template":"","meta":[],"product_brand":[],"product_cat":[90],"product_tag":[],"class_list":{"0":"post-5396","1":"product","2":"type-product","3":"status-publish","4":"has-post-thumbnail","6":"product_cat-altavoz-bluetooth","8":"first","9":"instock","10":"shipping-taxable","11":"product-type-simple"},"_links":{"self":[{"href":"https:\/\/tumarca.co\/index.php\/wp-json\/wp\/v2\/product\/5396","targetHints":{"allow":["GET"]}}],"collection":[{"href":"https:\/\/tumarca.co\/index.php\/wp-json\/wp\/v2\/product"}],"about":[{"href":"https:\/\/tumarca.co\/index.php\/wp-json\/wp\/v2\/types\/product"}],"replies":[{"embeddable":true,"href":"https:\/\/tumarca.co\/index.php\/wp-json\/wp\/v2\/comments?post=5396"}],"version-history":[{"count":0,"href":"https:\/\/tumarca.co\/index.php\/wp-json\/wp\/v2\/product\/5396\/revisions"}],"wp:featuredmedia":[{"embeddable":true,"href":"https:\/\/tumarca.co\/index.php\/wp-json\/wp\/v2\/media\/5395"}],"wp:attachment":[{"href":"https:\/\/tumarca.co\/index.php\/wp-json\/wp\/v2\/media?parent=5396"}],"wp:term":[{"taxonomy":"product_brand","embeddable":true,"href":"https:\/\/tumarca.co\/index.php\/wp-json\/wp\/v2\/product_brand?post=5396"},{"taxonomy":"product_cat","embeddable":true,"href":"https:\/\/tumarca.co\/index.php\/wp-json\/wp\/v2\/product_cat?post=5396"},{"taxonomy":"product_tag","embeddable":true,"href":"https:\/\/tumarca.co\/index.php\/wp-json\/wp\/v2\/product_tag?post=5396"}],"curies":[{"name":"wp","href":"https:\/\/api.w.org\/{rel}","templated":true}]}}