{"id":5398,"date":"2019-07-08T06:51:01","date_gmt":"2019-07-08T06:51:01","guid":{"rendered":"http:\/\/tumarca.co\/2019\/index.php\/product\/altavoz-bluetooth-emotion\/"},"modified":"2019-07-08T06:51:01","modified_gmt":"2019-07-08T06:51:01","slug":"altavoz-bluetooth-emotion","status":"publish","type":"product","link":"https:\/\/tumarca.co\/index.php\/product\/altavoz-bluetooth-emotion\/","title":{"rendered":"Altavoz Bluetooth Emotion"},"content":{"rendered":"<p>Altavoz Bluetooth V3,0 + EDR, Frecuencia de transmisi\u00f3n: 2.4 g hz, fuente de alimentaci\u00f3n: DC 5V 100-120ma, bater\u00eda: 3.7v 400mAh de litio,  tiempo de carga: aprox.3 horas, Tiempo de funcionamiento: aprox.6 horas. respuesta de frecuencia: 100 Hz-20kHz, salida: 3W, rango: hasta 10 mt. distorsi\u00f3n: u003c1.0%. Incluye cable de carga y chupa de succi\u00f3n. <\/p>\n","protected":false},"excerpt":{"rendered":"<p>Altavoz Bluetooth V3,0 + EDR, Frecuencia de transmisi\u00f3n: 2.4 g hz, fuente de alimentaci\u00f3n: DC 5V 100-120ma, bater\u00eda: 3.7v 400mAh de litio, tiempo de carga: aprox.3 horas, Tiempo de funcionamiento: aprox.6 horas. respuesta de frecuencia: 100 Hz-20kHz, salida: 3W, rango: hasta 10 mt. distorsi\u00f3n: u003c1.0%. Incluye cable de carga y chupa de succi\u00f3n.<\/p>\n","protected":false},"featured_media":5397,"comment_status":"closed","ping_status":"closed","template":"","meta":[],"product_brand":[],"product_cat":[90],"product_tag":[],"class_list":{"0":"post-5398","1":"product","2":"type-product","3":"status-publish","4":"has-post-thumbnail","6":"product_cat-altavoz-bluetooth","8":"first","9":"instock","10":"shipping-taxable","11":"product-type-simple"},"_links":{"self":[{"href":"https:\/\/tumarca.co\/index.php\/wp-json\/wp\/v2\/product\/5398","targetHints":{"allow":["GET"]}}],"collection":[{"href":"https:\/\/tumarca.co\/index.php\/wp-json\/wp\/v2\/product"}],"about":[{"href":"https:\/\/tumarca.co\/index.php\/wp-json\/wp\/v2\/types\/product"}],"replies":[{"embeddable":true,"href":"https:\/\/tumarca.co\/index.php\/wp-json\/wp\/v2\/comments?post=5398"}],"version-history":[{"count":0,"href":"https:\/\/tumarca.co\/index.php\/wp-json\/wp\/v2\/product\/5398\/revisions"}],"wp:featuredmedia":[{"embeddable":true,"href":"https:\/\/tumarca.co\/index.php\/wp-json\/wp\/v2\/media\/5397"}],"wp:attachment":[{"href":"https:\/\/tumarca.co\/index.php\/wp-json\/wp\/v2\/media?parent=5398"}],"wp:term":[{"taxonomy":"product_brand","embeddable":true,"href":"https:\/\/tumarca.co\/index.php\/wp-json\/wp\/v2\/product_brand?post=5398"},{"taxonomy":"product_cat","embeddable":true,"href":"https:\/\/tumarca.co\/index.php\/wp-json\/wp\/v2\/product_cat?post=5398"},{"taxonomy":"product_tag","embeddable":true,"href":"https:\/\/tumarca.co\/index.php\/wp-json\/wp\/v2\/product_tag?post=5398"}],"curies":[{"name":"wp","href":"https:\/\/api.w.org\/{rel}","templated":true}]}}