{"id":5402,"date":"2019-07-08T06:51:38","date_gmt":"2019-07-08T06:51:38","guid":{"rendered":"http:\/\/tumarca.co\/2019\/index.php\/product\/altavoz-bluetooth-fungi\/"},"modified":"2019-07-08T06:51:38","modified_gmt":"2019-07-08T06:51:38","slug":"altavoz-bluetooth-fungi","status":"publish","type":"product","link":"https:\/\/tumarca.co\/index.php\/product\/altavoz-bluetooth-fungi\/","title":{"rendered":"Altavoz Bluetooth Fungi"},"content":{"rendered":"<p>Altavoz Bluetooth V2,0. Potencia m\u00e1xima : 3W S\/N ratio: >65db. Rango de frecuencia: 100Hz-20 KHz. Voltaje de bater\u00eda: 3.7V DC. Distorsi\u00f3n THD: <1%, bater\u00eda: De litio 3V DC\/200mAh. Voltaje de carga: 5V +0.25V\/1A. Tiempo de funcionamiento: 2-3 horas aprox. Incluye cable de carga USB \/ micro USB.\n<\/p>\n","protected":false},"excerpt":{"rendered":"<p>Altavoz Bluetooth V2,0. Potencia m\u00e1xima : 3W S\/N ratio: >65db. Rango de frecuencia: 100Hz-20 KHz. Voltaje de bater\u00eda: 3.7V DC. Distorsi\u00f3n THD:<\/p>\n","protected":false},"featured_media":5401,"comment_status":"closed","ping_status":"closed","template":"","meta":[],"product_brand":[],"product_cat":[90],"product_tag":[],"class_list":{"0":"post-5402","1":"product","2":"type-product","3":"status-publish","4":"has-post-thumbnail","6":"product_cat-altavoz-bluetooth","8":"first","9":"instock","10":"shipping-taxable","11":"product-type-simple"},"_links":{"self":[{"href":"https:\/\/tumarca.co\/index.php\/wp-json\/wp\/v2\/product\/5402","targetHints":{"allow":["GET"]}}],"collection":[{"href":"https:\/\/tumarca.co\/index.php\/wp-json\/wp\/v2\/product"}],"about":[{"href":"https:\/\/tumarca.co\/index.php\/wp-json\/wp\/v2\/types\/product"}],"replies":[{"embeddable":true,"href":"https:\/\/tumarca.co\/index.php\/wp-json\/wp\/v2\/comments?post=5402"}],"version-history":[{"count":0,"href":"https:\/\/tumarca.co\/index.php\/wp-json\/wp\/v2\/product\/5402\/revisions"}],"wp:featuredmedia":[{"embeddable":true,"href":"https:\/\/tumarca.co\/index.php\/wp-json\/wp\/v2\/media\/5401"}],"wp:attachment":[{"href":"https:\/\/tumarca.co\/index.php\/wp-json\/wp\/v2\/media?parent=5402"}],"wp:term":[{"taxonomy":"product_brand","embeddable":true,"href":"https:\/\/tumarca.co\/index.php\/wp-json\/wp\/v2\/product_brand?post=5402"},{"taxonomy":"product_cat","embeddable":true,"href":"https:\/\/tumarca.co\/index.php\/wp-json\/wp\/v2\/product_cat?post=5402"},{"taxonomy":"product_tag","embeddable":true,"href":"https:\/\/tumarca.co\/index.php\/wp-json\/wp\/v2\/product_tag?post=5402"}],"curies":[{"name":"wp","href":"https:\/\/api.w.org\/{rel}","templated":true}]}}