{"id":5416,"date":"2019-07-08T06:53:55","date_gmt":"2019-07-08T06:53:55","guid":{"rendered":"http:\/\/tumarca.co\/2019\/index.php\/product\/altavoz-bluetooth-carabinero\/"},"modified":"2019-07-08T06:53:55","modified_gmt":"2019-07-08T06:53:55","slug":"altavoz-bluetooth-carabinero","status":"publish","type":"product","link":"https:\/\/tumarca.co\/index.php\/product\/altavoz-bluetooth-carabinero\/","title":{"rendered":"Altavoz Bluetooth Carabinero"},"content":{"rendered":"<p>Altavoz Bluetooth V4.1, con funci\u00f3n de manos libres. Potencia de salida: 3W 4\u03a9, altavoz: D40MM (130-20KHZ). Bater\u00eda de pol\u00edmero 500mAh. Tiempo de reproducci\u00f3n 2,5 &#8211; 3 horas, distancia aprox. 10 mt. Incluye cable de carga, cable auxiliar 3,5 mm y gancho carabinero. <\/p>\n","protected":false},"excerpt":{"rendered":"<p>Altavoz Bluetooth V4.1, con funci\u00f3n de manos libres. Potencia de salida: 3W 4\u03a9, altavoz: D40MM (130-20KHZ). Bater\u00eda de pol\u00edmero 500mAh. Tiempo de reproducci\u00f3n 2,5 &#8211; 3 horas, distancia aprox. 10 mt. Incluye cable de carga, cable auxiliar 3,5 mm y gancho carabinero.<\/p>\n","protected":false},"featured_media":5415,"comment_status":"closed","ping_status":"closed","template":"","meta":[],"product_brand":[],"product_cat":[90],"product_tag":[],"class_list":{"0":"post-5416","1":"product","2":"type-product","3":"status-publish","4":"has-post-thumbnail","6":"product_cat-altavoz-bluetooth","8":"first","9":"instock","10":"shipping-taxable","11":"product-type-simple"},"_links":{"self":[{"href":"https:\/\/tumarca.co\/index.php\/wp-json\/wp\/v2\/product\/5416","targetHints":{"allow":["GET"]}}],"collection":[{"href":"https:\/\/tumarca.co\/index.php\/wp-json\/wp\/v2\/product"}],"about":[{"href":"https:\/\/tumarca.co\/index.php\/wp-json\/wp\/v2\/types\/product"}],"replies":[{"embeddable":true,"href":"https:\/\/tumarca.co\/index.php\/wp-json\/wp\/v2\/comments?post=5416"}],"version-history":[{"count":0,"href":"https:\/\/tumarca.co\/index.php\/wp-json\/wp\/v2\/product\/5416\/revisions"}],"wp:featuredmedia":[{"embeddable":true,"href":"https:\/\/tumarca.co\/index.php\/wp-json\/wp\/v2\/media\/5415"}],"wp:attachment":[{"href":"https:\/\/tumarca.co\/index.php\/wp-json\/wp\/v2\/media?parent=5416"}],"wp:term":[{"taxonomy":"product_brand","embeddable":true,"href":"https:\/\/tumarca.co\/index.php\/wp-json\/wp\/v2\/product_brand?post=5416"},{"taxonomy":"product_cat","embeddable":true,"href":"https:\/\/tumarca.co\/index.php\/wp-json\/wp\/v2\/product_cat?post=5416"},{"taxonomy":"product_tag","embeddable":true,"href":"https:\/\/tumarca.co\/index.php\/wp-json\/wp\/v2\/product_tag?post=5416"}],"curies":[{"name":"wp","href":"https:\/\/api.w.org\/{rel}","templated":true}]}}