{"id":5424,"date":"2019-07-08T06:55:04","date_gmt":"2019-07-08T06:55:04","guid":{"rendered":"http:\/\/tumarca.co\/2019\/index.php\/product\/altavoz-bluetooth-indie\/"},"modified":"2019-07-08T06:55:04","modified_gmt":"2019-07-08T06:55:04","slug":"altavoz-bluetooth-indie","status":"publish","type":"product","link":"https:\/\/tumarca.co\/index.php\/product\/altavoz-bluetooth-indie\/","title":{"rendered":"Altavoz Bluetooth Indie"},"content":{"rendered":"<p>Altavoz Bluetooth V4.1, salida: 3W 4\u03a9, altavoces: D40mm(180HZ-20KHZ), bater\u00eda de pol\u00edmero: 300mAh (DC5V), distancia 10 metros aprox, tiempo de reproducci\u00f3n 4 horas, SNR >85+2dB, voltaje: DC5V. Incluye cable de carga USB\/micro USB y cable est\u00e1ndar 3,5mm.  <\/p>\n","protected":false},"excerpt":{"rendered":"<p>Altavoz Bluetooth V4.1, salida: 3W 4\u03a9, altavoces: D40mm(180HZ-20KHZ), bater\u00eda de pol\u00edmero: 300mAh (DC5V), distancia 10 metros aprox, tiempo de reproducci\u00f3n 4 horas, SNR >85+2dB, voltaje: DC5V. Incluye cable de carga USB\/micro USB y cable est\u00e1ndar 3,5mm.<\/p>\n","protected":false},"featured_media":5423,"comment_status":"closed","ping_status":"closed","template":"","meta":[],"product_brand":[],"product_cat":[90],"product_tag":[],"class_list":{"0":"post-5424","1":"product","2":"type-product","3":"status-publish","4":"has-post-thumbnail","6":"product_cat-altavoz-bluetooth","8":"first","9":"instock","10":"shipping-taxable","11":"product-type-simple"},"_links":{"self":[{"href":"https:\/\/tumarca.co\/index.php\/wp-json\/wp\/v2\/product\/5424","targetHints":{"allow":["GET"]}}],"collection":[{"href":"https:\/\/tumarca.co\/index.php\/wp-json\/wp\/v2\/product"}],"about":[{"href":"https:\/\/tumarca.co\/index.php\/wp-json\/wp\/v2\/types\/product"}],"replies":[{"embeddable":true,"href":"https:\/\/tumarca.co\/index.php\/wp-json\/wp\/v2\/comments?post=5424"}],"version-history":[{"count":0,"href":"https:\/\/tumarca.co\/index.php\/wp-json\/wp\/v2\/product\/5424\/revisions"}],"wp:featuredmedia":[{"embeddable":true,"href":"https:\/\/tumarca.co\/index.php\/wp-json\/wp\/v2\/media\/5423"}],"wp:attachment":[{"href":"https:\/\/tumarca.co\/index.php\/wp-json\/wp\/v2\/media?parent=5424"}],"wp:term":[{"taxonomy":"product_brand","embeddable":true,"href":"https:\/\/tumarca.co\/index.php\/wp-json\/wp\/v2\/product_brand?post=5424"},{"taxonomy":"product_cat","embeddable":true,"href":"https:\/\/tumarca.co\/index.php\/wp-json\/wp\/v2\/product_cat?post=5424"},{"taxonomy":"product_tag","embeddable":true,"href":"https:\/\/tumarca.co\/index.php\/wp-json\/wp\/v2\/product_tag?post=5424"}],"curies":[{"name":"wp","href":"https:\/\/api.w.org\/{rel}","templated":true}]}}