{"id":5436,"date":"2019-07-08T06:56:47","date_gmt":"2019-07-08T06:56:47","guid":{"rendered":"http:\/\/tumarca.co\/2019\/index.php\/product\/altavoz-bluetooth-k-pop\/"},"modified":"2019-07-08T06:56:47","modified_gmt":"2019-07-08T06:56:47","slug":"altavoz-bluetooth-k-pop","status":"publish","type":"product","link":"https:\/\/tumarca.co\/index.php\/product\/altavoz-bluetooth-k-pop\/","title":{"rendered":"Altavoz Bluetooth K-POP"},"content":{"rendered":"<p>Altavoz Bluetooth V4.1, salida: 2W 4\u03a9, altavoz: D32mm(120HZ-20KHZ),  bater\u00eda de pol\u00edmero 2000 mAh (DC5V), alcance 10 metros, tiempo de reproducci\u00f3n 6-8 horas, SNR: \u226585\u00b13dB, tiempo de carga 2-3 horas. Incluye cable de carga USB\/ micro USB y cable est\u00e1ndar 3,5 mm. <\/p>\n","protected":false},"excerpt":{"rendered":"<p>Altavoz Bluetooth V4.1, salida: 2W 4\u03a9, altavoz: D32mm(120HZ-20KHZ), bater\u00eda de pol\u00edmero 2000 mAh (DC5V), alcance 10 metros, tiempo de reproducci\u00f3n 6-8 horas, SNR: \u226585\u00b13dB, tiempo de carga 2-3 horas. Incluye cable de carga USB\/ micro USB y cable est\u00e1ndar 3,5 mm.<\/p>\n","protected":false},"featured_media":5435,"comment_status":"closed","ping_status":"closed","template":"","meta":[],"product_brand":[],"product_cat":[90],"product_tag":[],"class_list":{"0":"post-5436","1":"product","2":"type-product","3":"status-publish","4":"has-post-thumbnail","6":"product_cat-altavoz-bluetooth","8":"first","9":"instock","10":"shipping-taxable","11":"product-type-simple"},"_links":{"self":[{"href":"https:\/\/tumarca.co\/index.php\/wp-json\/wp\/v2\/product\/5436","targetHints":{"allow":["GET"]}}],"collection":[{"href":"https:\/\/tumarca.co\/index.php\/wp-json\/wp\/v2\/product"}],"about":[{"href":"https:\/\/tumarca.co\/index.php\/wp-json\/wp\/v2\/types\/product"}],"replies":[{"embeddable":true,"href":"https:\/\/tumarca.co\/index.php\/wp-json\/wp\/v2\/comments?post=5436"}],"version-history":[{"count":0,"href":"https:\/\/tumarca.co\/index.php\/wp-json\/wp\/v2\/product\/5436\/revisions"}],"wp:featuredmedia":[{"embeddable":true,"href":"https:\/\/tumarca.co\/index.php\/wp-json\/wp\/v2\/media\/5435"}],"wp:attachment":[{"href":"https:\/\/tumarca.co\/index.php\/wp-json\/wp\/v2\/media?parent=5436"}],"wp:term":[{"taxonomy":"product_brand","embeddable":true,"href":"https:\/\/tumarca.co\/index.php\/wp-json\/wp\/v2\/product_brand?post=5436"},{"taxonomy":"product_cat","embeddable":true,"href":"https:\/\/tumarca.co\/index.php\/wp-json\/wp\/v2\/product_cat?post=5436"},{"taxonomy":"product_tag","embeddable":true,"href":"https:\/\/tumarca.co\/index.php\/wp-json\/wp\/v2\/product_tag?post=5436"}],"curies":[{"name":"wp","href":"https:\/\/api.w.org\/{rel}","templated":true}]}}