{"id":5440,"date":"2019-07-08T06:57:20","date_gmt":"2019-07-08T06:57:20","guid":{"rendered":"http:\/\/tumarca.co\/2019\/index.php\/product\/altavoz-aluminio-bluetooth-hard\/"},"modified":"2019-07-08T06:57:20","modified_gmt":"2019-07-08T06:57:20","slug":"altavoz-aluminio-bluetooth-hard","status":"publish","type":"product","link":"https:\/\/tumarca.co\/index.php\/product\/altavoz-aluminio-bluetooth-hard\/","title":{"rendered":"Altavoz Aluminio Bluetooth Hard"},"content":{"rendered":"<p>Altavoz Bluetooth V4.2, con funci\u00f3n de manos libres, salida: 3W 4\u03a9, altavoz: D40mm (130HZ-20KHZ), SNR: \u226585\u00b12dB, bater\u00eda de litio: 500mAh(DC 5V), tiempo de reproducci\u00f3n 3-4 horas, tiempo de carga 2-3 horas, rango m\u00e1ximo 10m. Incluye cable de carga USB\/ micro USB y cable est\u00e1ndar 3,5 mm.  <\/p>\n","protected":false},"excerpt":{"rendered":"<p>Altavoz Bluetooth V4.2, con funci\u00f3n de manos libres, salida: 3W 4\u03a9, altavoz: D40mm (130HZ-20KHZ), SNR: \u226585\u00b12dB, bater\u00eda de litio: 500mAh(DC 5V), tiempo de reproducci\u00f3n 3-4 horas, tiempo de carga 2-3 horas, rango m\u00e1ximo 10m. Incluye cable de carga USB\/ micro USB y cable est\u00e1ndar 3,5 mm.<\/p>\n","protected":false},"featured_media":5439,"comment_status":"closed","ping_status":"closed","template":"","meta":[],"product_brand":[],"product_cat":[90],"product_tag":[],"class_list":{"0":"post-5440","1":"product","2":"type-product","3":"status-publish","4":"has-post-thumbnail","6":"product_cat-altavoz-bluetooth","8":"first","9":"instock","10":"shipping-taxable","11":"product-type-simple"},"_links":{"self":[{"href":"https:\/\/tumarca.co\/index.php\/wp-json\/wp\/v2\/product\/5440","targetHints":{"allow":["GET"]}}],"collection":[{"href":"https:\/\/tumarca.co\/index.php\/wp-json\/wp\/v2\/product"}],"about":[{"href":"https:\/\/tumarca.co\/index.php\/wp-json\/wp\/v2\/types\/product"}],"replies":[{"embeddable":true,"href":"https:\/\/tumarca.co\/index.php\/wp-json\/wp\/v2\/comments?post=5440"}],"version-history":[{"count":0,"href":"https:\/\/tumarca.co\/index.php\/wp-json\/wp\/v2\/product\/5440\/revisions"}],"wp:featuredmedia":[{"embeddable":true,"href":"https:\/\/tumarca.co\/index.php\/wp-json\/wp\/v2\/media\/5439"}],"wp:attachment":[{"href":"https:\/\/tumarca.co\/index.php\/wp-json\/wp\/v2\/media?parent=5440"}],"wp:term":[{"taxonomy":"product_brand","embeddable":true,"href":"https:\/\/tumarca.co\/index.php\/wp-json\/wp\/v2\/product_brand?post=5440"},{"taxonomy":"product_cat","embeddable":true,"href":"https:\/\/tumarca.co\/index.php\/wp-json\/wp\/v2\/product_cat?post=5440"},{"taxonomy":"product_tag","embeddable":true,"href":"https:\/\/tumarca.co\/index.php\/wp-json\/wp\/v2\/product_tag?post=5440"}],"curies":[{"name":"wp","href":"https:\/\/api.w.org\/{rel}","templated":true}]}}