{"id":5452,"date":"2019-07-08T06:59:22","date_gmt":"2019-07-08T06:59:22","guid":{"rendered":"http:\/\/tumarca.co\/2019\/index.php\/product\/set-audifonos-quick\/"},"modified":"2019-07-08T06:59:22","modified_gmt":"2019-07-08T06:59:22","slug":"set-audifonos-quick","status":"publish","type":"product","link":"https:\/\/tumarca.co\/index.php\/product\/set-audifonos-quick\/","title":{"rendered":"Set Aud\u00edfonos Quick"},"content":{"rendered":"<p>Aud\u00edfonos intraaurales Bluetooth V4.2, bater\u00eda de litio 55 mAh, tiempo de carga: 1-2 horas aprox. Tiempo de reproducci\u00f3n 3-5 horas, tiempo de pausa 100 horas, distancia 10m aprox. Con estuche pl\u00e1stico, Incluye micr\u00f3fono y control de volumen para utilizarlo como manos libres, cable de carga USB, opci\u00f3n de volver a marcar el n\u00famero precedente. <\/p>\n","protected":false},"excerpt":{"rendered":"<p>Aud\u00edfonos intraaurales Bluetooth V4.2, bater\u00eda de litio 55 mAh, tiempo de carga: 1-2 horas aprox. Tiempo de reproducci\u00f3n 3-5 horas, tiempo de pausa 100 horas, distancia 10m aprox. Con estuche pl\u00e1stico, Incluye micr\u00f3fono y control de volumen para utilizarlo como manos libres, cable de carga USB, opci\u00f3n de volver a marcar el n\u00famero precedente.<\/p>\n","protected":false},"featured_media":5451,"comment_status":"closed","ping_status":"closed","template":"","meta":[],"product_brand":[],"product_cat":[91],"product_tag":[],"class_list":{"0":"post-5452","1":"product","2":"type-product","3":"status-publish","4":"has-post-thumbnail","6":"product_cat-audifonos-intraaurales-bluetooth","8":"first","9":"instock","10":"shipping-taxable","11":"product-type-simple"},"_links":{"self":[{"href":"https:\/\/tumarca.co\/index.php\/wp-json\/wp\/v2\/product\/5452","targetHints":{"allow":["GET"]}}],"collection":[{"href":"https:\/\/tumarca.co\/index.php\/wp-json\/wp\/v2\/product"}],"about":[{"href":"https:\/\/tumarca.co\/index.php\/wp-json\/wp\/v2\/types\/product"}],"replies":[{"embeddable":true,"href":"https:\/\/tumarca.co\/index.php\/wp-json\/wp\/v2\/comments?post=5452"}],"version-history":[{"count":0,"href":"https:\/\/tumarca.co\/index.php\/wp-json\/wp\/v2\/product\/5452\/revisions"}],"wp:featuredmedia":[{"embeddable":true,"href":"https:\/\/tumarca.co\/index.php\/wp-json\/wp\/v2\/media\/5451"}],"wp:attachment":[{"href":"https:\/\/tumarca.co\/index.php\/wp-json\/wp\/v2\/media?parent=5452"}],"wp:term":[{"taxonomy":"product_brand","embeddable":true,"href":"https:\/\/tumarca.co\/index.php\/wp-json\/wp\/v2\/product_brand?post=5452"},{"taxonomy":"product_cat","embeddable":true,"href":"https:\/\/tumarca.co\/index.php\/wp-json\/wp\/v2\/product_cat?post=5452"},{"taxonomy":"product_tag","embeddable":true,"href":"https:\/\/tumarca.co\/index.php\/wp-json\/wp\/v2\/product_tag?post=5452"}],"curies":[{"name":"wp","href":"https:\/\/api.w.org\/{rel}","templated":true}]}}