{"id":5456,"date":"2019-07-08T06:59:54","date_gmt":"2019-07-08T06:59:54","guid":{"rendered":"http:\/\/tumarca.co\/2019\/index.php\/product\/audifonos-bluetooth-setting\/"},"modified":"2019-07-08T06:59:54","modified_gmt":"2019-07-08T06:59:54","slug":"audifonos-bluetooth-setting","status":"publish","type":"product","link":"https:\/\/tumarca.co\/index.php\/product\/audifonos-bluetooth-setting\/","title":{"rendered":"Aud\u00edfonos Bluetooth Setting"},"content":{"rendered":"<p>Aud\u00edfonos y manos libres inal\u00e1mbrico. Versi\u00f3n de Bluetooth: 4.2, altavoz: 32ohm 10mW. Respuesta de frecuencia: 100-20KHZ. Distancia aprox. 10  a 15 mt. Bater\u00eda: 55mAh, tiempo de carga: 1,5 horas. Tiempo en espera 18 horas.  Tiempo de conversaci\u00f3n: 3 &#8211; 4,5 horas. Tiempo de reproducci\u00f3n: 4,5 horas. Incluye cable micro USB y 2 pares adicionales de aletas para los o\u00eddos.  Potencia de carga 5V\/ 1A.<\/p>\n","protected":false},"excerpt":{"rendered":"<p>Aud\u00edfonos y manos libres inal\u00e1mbrico. Versi\u00f3n de Bluetooth: 4.2, altavoz: 32ohm 10mW. Respuesta de frecuencia: 100-20KHZ. Distancia aprox. 10 a 15 mt. Bater\u00eda: 55mAh, tiempo de carga: 1,5 horas. Tiempo en espera 18 horas. Tiempo de conversaci\u00f3n: 3 &#8211; 4,5 horas. Tiempo de reproducci\u00f3n: 4,5 horas. Incluye cable micro USB y 2 pares adicionales de [&hellip;]<\/p>\n","protected":false},"featured_media":5455,"comment_status":"closed","ping_status":"closed","template":"","meta":[],"product_brand":[],"product_cat":[91],"product_tag":[],"class_list":{"0":"post-5456","1":"product","2":"type-product","3":"status-publish","4":"has-post-thumbnail","6":"product_cat-audifonos-intraaurales-bluetooth","8":"first","9":"instock","10":"shipping-taxable","11":"product-type-simple"},"_links":{"self":[{"href":"https:\/\/tumarca.co\/index.php\/wp-json\/wp\/v2\/product\/5456","targetHints":{"allow":["GET"]}}],"collection":[{"href":"https:\/\/tumarca.co\/index.php\/wp-json\/wp\/v2\/product"}],"about":[{"href":"https:\/\/tumarca.co\/index.php\/wp-json\/wp\/v2\/types\/product"}],"replies":[{"embeddable":true,"href":"https:\/\/tumarca.co\/index.php\/wp-json\/wp\/v2\/comments?post=5456"}],"version-history":[{"count":0,"href":"https:\/\/tumarca.co\/index.php\/wp-json\/wp\/v2\/product\/5456\/revisions"}],"wp:featuredmedia":[{"embeddable":true,"href":"https:\/\/tumarca.co\/index.php\/wp-json\/wp\/v2\/media\/5455"}],"wp:attachment":[{"href":"https:\/\/tumarca.co\/index.php\/wp-json\/wp\/v2\/media?parent=5456"}],"wp:term":[{"taxonomy":"product_brand","embeddable":true,"href":"https:\/\/tumarca.co\/index.php\/wp-json\/wp\/v2\/product_brand?post=5456"},{"taxonomy":"product_cat","embeddable":true,"href":"https:\/\/tumarca.co\/index.php\/wp-json\/wp\/v2\/product_cat?post=5456"},{"taxonomy":"product_tag","embeddable":true,"href":"https:\/\/tumarca.co\/index.php\/wp-json\/wp\/v2\/product_tag?post=5456"}],"curies":[{"name":"wp","href":"https:\/\/api.w.org\/{rel}","templated":true}]}}