{"id":5458,"date":"2019-07-08T07:00:09","date_gmt":"2019-07-08T07:00:09","guid":{"rendered":"http:\/\/tumarca.co\/2019\/index.php\/product\/audifonos-bluetooth\/"},"modified":"2019-07-08T07:00:09","modified_gmt":"2019-07-08T07:00:09","slug":"audifonos-bluetooth","status":"publish","type":"product","link":"https:\/\/tumarca.co\/index.php\/product\/audifonos-bluetooth\/","title":{"rendered":"Aud\u00edfonos Bluetooth"},"content":{"rendered":"<p>Aud\u00edfonos intraaurales Bluetooth V4.2, conexi\u00f3n inal\u00e1mbrica, altavoz: 32ohm 10mW. Respuesta de frecuencia: 100-20KHZ. Distancia aprox. 10 a 15 mt. Bater\u00eda: 55mAh, tiempo de carga: 1,5 horas. Tiempo en espera 18 horas. Tiempo de conversaci\u00f3n: 3 &#8211; 4,5 horas. Tiempo de reproducci\u00f3n: 4,5 horas, Potencia de carga 5V\/ 1A. Viene en estuche con bolsillos internos en malla. Incluye cable micro USB y 2 pares adicionales de aletas para los o\u00eddos.  Auriculares imantados <\/p>\n","protected":false},"excerpt":{"rendered":"<p>Aud\u00edfonos intraaurales Bluetooth V4.2, conexi\u00f3n inal\u00e1mbrica, altavoz: 32ohm 10mW. Respuesta de frecuencia: 100-20KHZ. Distancia aprox. 10 a 15 mt. Bater\u00eda: 55mAh, tiempo de carga: 1,5 horas. Tiempo en espera 18 horas. Tiempo de conversaci\u00f3n: 3 &#8211; 4,5 horas. Tiempo de reproducci\u00f3n: 4,5 horas, Potencia de carga 5V\/ 1A. Viene en estuche con bolsillos internos en [&hellip;]<\/p>\n","protected":false},"featured_media":5457,"comment_status":"closed","ping_status":"closed","template":"","meta":[],"product_brand":[],"product_cat":[91],"product_tag":[],"class_list":{"0":"post-5458","1":"product","2":"type-product","3":"status-publish","4":"has-post-thumbnail","6":"product_cat-audifonos-intraaurales-bluetooth","8":"first","9":"instock","10":"shipping-taxable","11":"product-type-simple"},"_links":{"self":[{"href":"https:\/\/tumarca.co\/index.php\/wp-json\/wp\/v2\/product\/5458","targetHints":{"allow":["GET"]}}],"collection":[{"href":"https:\/\/tumarca.co\/index.php\/wp-json\/wp\/v2\/product"}],"about":[{"href":"https:\/\/tumarca.co\/index.php\/wp-json\/wp\/v2\/types\/product"}],"replies":[{"embeddable":true,"href":"https:\/\/tumarca.co\/index.php\/wp-json\/wp\/v2\/comments?post=5458"}],"version-history":[{"count":0,"href":"https:\/\/tumarca.co\/index.php\/wp-json\/wp\/v2\/product\/5458\/revisions"}],"wp:featuredmedia":[{"embeddable":true,"href":"https:\/\/tumarca.co\/index.php\/wp-json\/wp\/v2\/media\/5457"}],"wp:attachment":[{"href":"https:\/\/tumarca.co\/index.php\/wp-json\/wp\/v2\/media?parent=5458"}],"wp:term":[{"taxonomy":"product_brand","embeddable":true,"href":"https:\/\/tumarca.co\/index.php\/wp-json\/wp\/v2\/product_brand?post=5458"},{"taxonomy":"product_cat","embeddable":true,"href":"https:\/\/tumarca.co\/index.php\/wp-json\/wp\/v2\/product_cat?post=5458"},{"taxonomy":"product_tag","embeddable":true,"href":"https:\/\/tumarca.co\/index.php\/wp-json\/wp\/v2\/product_tag?post=5458"}],"curies":[{"name":"wp","href":"https:\/\/api.w.org\/{rel}","templated":true}]}}