{"id":5468,"date":"2019-07-08T07:01:49","date_gmt":"2019-07-08T07:01:49","guid":{"rendered":"http:\/\/tumarca.co\/2019\/index.php\/product\/audifonos-bluetooth-soft\/"},"modified":"2019-07-08T07:01:49","modified_gmt":"2019-07-08T07:01:49","slug":"audifonos-bluetooth-soft","status":"publish","type":"product","link":"https:\/\/tumarca.co\/index.php\/product\/audifonos-bluetooth-soft\/","title":{"rendered":"Aud\u00edfonos Bluetooth Soft"},"content":{"rendered":"<p>Aud\u00edfonos intraaurales Bluetooth V 4.1, sensibilidad: 96\u00b13(at 1KHz 0.5vRMS), frecuencia de respuesta 20-20000hz, tiempo de carga: 1-2 horas aprox. Tiempo de reproducci\u00f3n 3-5 horas, distancia 10m aprox, con micr\u00f3fono y control de volumen para utilizarlo como manos libres. Incluye Caja pl\u00e1stica para f\u00e1cil transporte. <\/p>\n","protected":false},"excerpt":{"rendered":"<p>Aud\u00edfonos intraaurales Bluetooth V 4.1, sensibilidad: 96\u00b13(at 1KHz 0.5vRMS), frecuencia de respuesta 20-20000hz, tiempo de carga: 1-2 horas aprox. Tiempo de reproducci\u00f3n 3-5 horas, distancia 10m aprox, con micr\u00f3fono y control de volumen para utilizarlo como manos libres. Incluye Caja pl\u00e1stica para f\u00e1cil transporte.<\/p>\n","protected":false},"featured_media":5467,"comment_status":"closed","ping_status":"closed","template":"","meta":[],"product_brand":[],"product_cat":[91],"product_tag":[],"class_list":{"0":"post-5468","1":"product","2":"type-product","3":"status-publish","4":"has-post-thumbnail","6":"product_cat-audifonos-intraaurales-bluetooth","8":"first","9":"instock","10":"shipping-taxable","11":"product-type-simple"},"_links":{"self":[{"href":"https:\/\/tumarca.co\/index.php\/wp-json\/wp\/v2\/product\/5468","targetHints":{"allow":["GET"]}}],"collection":[{"href":"https:\/\/tumarca.co\/index.php\/wp-json\/wp\/v2\/product"}],"about":[{"href":"https:\/\/tumarca.co\/index.php\/wp-json\/wp\/v2\/types\/product"}],"replies":[{"embeddable":true,"href":"https:\/\/tumarca.co\/index.php\/wp-json\/wp\/v2\/comments?post=5468"}],"version-history":[{"count":0,"href":"https:\/\/tumarca.co\/index.php\/wp-json\/wp\/v2\/product\/5468\/revisions"}],"wp:featuredmedia":[{"embeddable":true,"href":"https:\/\/tumarca.co\/index.php\/wp-json\/wp\/v2\/media\/5467"}],"wp:attachment":[{"href":"https:\/\/tumarca.co\/index.php\/wp-json\/wp\/v2\/media?parent=5468"}],"wp:term":[{"taxonomy":"product_brand","embeddable":true,"href":"https:\/\/tumarca.co\/index.php\/wp-json\/wp\/v2\/product_brand?post=5468"},{"taxonomy":"product_cat","embeddable":true,"href":"https:\/\/tumarca.co\/index.php\/wp-json\/wp\/v2\/product_cat?post=5468"},{"taxonomy":"product_tag","embeddable":true,"href":"https:\/\/tumarca.co\/index.php\/wp-json\/wp\/v2\/product_tag?post=5468"}],"curies":[{"name":"wp","href":"https:\/\/api.w.org\/{rel}","templated":true}]}}