{"id":5470,"date":"2019-07-08T07:02:13","date_gmt":"2019-07-08T07:02:13","guid":{"rendered":"http:\/\/tumarca.co\/2019\/index.php\/product\/audifonos-bluetooth-trending\/"},"modified":"2019-07-08T07:02:13","modified_gmt":"2019-07-08T07:02:13","slug":"audifonos-bluetooth-trending","status":"publish","type":"product","link":"https:\/\/tumarca.co\/index.php\/product\/audifonos-bluetooth-trending\/","title":{"rendered":"Aud\u00edfonos Bluetooth Trending"},"content":{"rendered":"<p>Aud\u00edfonos intraaurales Bluetooth V4.2, salida del altavoz: 16ohm  5mW*2, bater\u00eda 40mAh *2, tiempo de reproducci\u00f3n: 3 horas, tiempo de carga 1 hora. Potencia de carga 5V\/ 1A.  (El estuche no tiene funci\u00f3n de carga).  Tapas removibles para faciliar la impresi\u00f3n.<\/p>\n","protected":false},"excerpt":{"rendered":"<p>Aud\u00edfonos intraaurales Bluetooth V4.2, salida del altavoz: 16ohm 5mW*2, bater\u00eda 40mAh *2, tiempo de reproducci\u00f3n: 3 horas, tiempo de carga 1 hora. Potencia de carga 5V\/ 1A. (El estuche no tiene funci\u00f3n de carga). Tapas removibles para faciliar la impresi\u00f3n.<\/p>\n","protected":false},"featured_media":5469,"comment_status":"closed","ping_status":"closed","template":"","meta":[],"product_brand":[],"product_cat":[91],"product_tag":[],"class_list":{"0":"post-5470","1":"product","2":"type-product","3":"status-publish","4":"has-post-thumbnail","6":"product_cat-audifonos-intraaurales-bluetooth","8":"first","9":"instock","10":"shipping-taxable","11":"product-type-simple"},"_links":{"self":[{"href":"https:\/\/tumarca.co\/index.php\/wp-json\/wp\/v2\/product\/5470","targetHints":{"allow":["GET"]}}],"collection":[{"href":"https:\/\/tumarca.co\/index.php\/wp-json\/wp\/v2\/product"}],"about":[{"href":"https:\/\/tumarca.co\/index.php\/wp-json\/wp\/v2\/types\/product"}],"replies":[{"embeddable":true,"href":"https:\/\/tumarca.co\/index.php\/wp-json\/wp\/v2\/comments?post=5470"}],"version-history":[{"count":0,"href":"https:\/\/tumarca.co\/index.php\/wp-json\/wp\/v2\/product\/5470\/revisions"}],"wp:featuredmedia":[{"embeddable":true,"href":"https:\/\/tumarca.co\/index.php\/wp-json\/wp\/v2\/media\/5469"}],"wp:attachment":[{"href":"https:\/\/tumarca.co\/index.php\/wp-json\/wp\/v2\/media?parent=5470"}],"wp:term":[{"taxonomy":"product_brand","embeddable":true,"href":"https:\/\/tumarca.co\/index.php\/wp-json\/wp\/v2\/product_brand?post=5470"},{"taxonomy":"product_cat","embeddable":true,"href":"https:\/\/tumarca.co\/index.php\/wp-json\/wp\/v2\/product_cat?post=5470"},{"taxonomy":"product_tag","embeddable":true,"href":"https:\/\/tumarca.co\/index.php\/wp-json\/wp\/v2\/product_tag?post=5470"}],"curies":[{"name":"wp","href":"https:\/\/api.w.org\/{rel}","templated":true}]}}