{"id":5472,"date":"2019-07-08T07:02:28","date_gmt":"2019-07-08T07:02:28","guid":{"rendered":"http:\/\/tumarca.co\/2019\/index.php\/product\/audifonos-case\/"},"modified":"2019-07-08T07:02:28","modified_gmt":"2019-07-08T07:02:28","slug":"audifonos-case","status":"publish","type":"product","link":"https:\/\/tumarca.co\/index.php\/product\/audifonos-case\/","title":{"rendered":"Aud\u00edfonos Case"},"content":{"rendered":"<p>Aud\u00edfonos Intraaurales en estuche pl\u00e1stico con dos juegos de cubiertas intercambiables. Con anillo met\u00e1lico en el aud\u00edfono. Largo del cable 1 m, plug conector est\u00e1ndar que funciona en la mayor\u00eda de dispositivos de audio.<\/p>\n","protected":false},"excerpt":{"rendered":"<p>Aud\u00edfonos Intraaurales en estuche pl\u00e1stico con dos juegos de cubiertas intercambiables. Con anillo met\u00e1lico en el aud\u00edfono. Largo del cable 1 m, plug conector est\u00e1ndar que funciona en la mayor\u00eda de dispositivos de audio.<\/p>\n","protected":false},"featured_media":5471,"comment_status":"closed","ping_status":"closed","template":"","meta":[],"product_brand":[],"product_cat":[92],"product_tag":[],"class_list":{"0":"post-5472","1":"product","2":"type-product","3":"status-publish","4":"has-post-thumbnail","6":"product_cat-audifonos-intraaurales","8":"first","9":"instock","10":"shipping-taxable","11":"product-type-simple"},"_links":{"self":[{"href":"https:\/\/tumarca.co\/index.php\/wp-json\/wp\/v2\/product\/5472","targetHints":{"allow":["GET"]}}],"collection":[{"href":"https:\/\/tumarca.co\/index.php\/wp-json\/wp\/v2\/product"}],"about":[{"href":"https:\/\/tumarca.co\/index.php\/wp-json\/wp\/v2\/types\/product"}],"replies":[{"embeddable":true,"href":"https:\/\/tumarca.co\/index.php\/wp-json\/wp\/v2\/comments?post=5472"}],"version-history":[{"count":0,"href":"https:\/\/tumarca.co\/index.php\/wp-json\/wp\/v2\/product\/5472\/revisions"}],"wp:featuredmedia":[{"embeddable":true,"href":"https:\/\/tumarca.co\/index.php\/wp-json\/wp\/v2\/media\/5471"}],"wp:attachment":[{"href":"https:\/\/tumarca.co\/index.php\/wp-json\/wp\/v2\/media?parent=5472"}],"wp:term":[{"taxonomy":"product_brand","embeddable":true,"href":"https:\/\/tumarca.co\/index.php\/wp-json\/wp\/v2\/product_brand?post=5472"},{"taxonomy":"product_cat","embeddable":true,"href":"https:\/\/tumarca.co\/index.php\/wp-json\/wp\/v2\/product_cat?post=5472"},{"taxonomy":"product_tag","embeddable":true,"href":"https:\/\/tumarca.co\/index.php\/wp-json\/wp\/v2\/product_tag?post=5472"}],"curies":[{"name":"wp","href":"https:\/\/api.w.org\/{rel}","templated":true}]}}