{"id":5474,"date":"2019-07-08T07:02:54","date_gmt":"2019-07-08T07:02:54","guid":{"rendered":"http:\/\/tumarca.co\/2019\/index.php\/product\/audifonos-cole\/"},"modified":"2019-07-08T07:02:54","modified_gmt":"2019-07-08T07:02:54","slug":"audifonos-cole","status":"publish","type":"product","link":"https:\/\/tumarca.co\/index.php\/product\/audifonos-cole\/","title":{"rendered":"Aud\u00edfonos Cole"},"content":{"rendered":"<p>Aud\u00edfonos Intraaurales, con pr\u00e1ctico estuche para f\u00e1cil almacenamiento. Longitud del cable: 1,5 m. Tasa de distorsi\u00f3n: 0.3%.<\/p>\n","protected":false},"excerpt":{"rendered":"<p>Aud\u00edfonos Intraaurales, con pr\u00e1ctico estuche para f\u00e1cil almacenamiento. Longitud del cable: 1,5 m. Tasa de distorsi\u00f3n: 0.3%.<\/p>\n","protected":false},"featured_media":5473,"comment_status":"closed","ping_status":"closed","template":"","meta":[],"product_brand":[],"product_cat":[92],"product_tag":[],"class_list":{"0":"post-5474","1":"product","2":"type-product","3":"status-publish","4":"has-post-thumbnail","6":"product_cat-audifonos-intraaurales","8":"first","9":"instock","10":"shipping-taxable","11":"product-type-simple"},"_links":{"self":[{"href":"https:\/\/tumarca.co\/index.php\/wp-json\/wp\/v2\/product\/5474","targetHints":{"allow":["GET"]}}],"collection":[{"href":"https:\/\/tumarca.co\/index.php\/wp-json\/wp\/v2\/product"}],"about":[{"href":"https:\/\/tumarca.co\/index.php\/wp-json\/wp\/v2\/types\/product"}],"replies":[{"embeddable":true,"href":"https:\/\/tumarca.co\/index.php\/wp-json\/wp\/v2\/comments?post=5474"}],"version-history":[{"count":0,"href":"https:\/\/tumarca.co\/index.php\/wp-json\/wp\/v2\/product\/5474\/revisions"}],"wp:featuredmedia":[{"embeddable":true,"href":"https:\/\/tumarca.co\/index.php\/wp-json\/wp\/v2\/media\/5473"}],"wp:attachment":[{"href":"https:\/\/tumarca.co\/index.php\/wp-json\/wp\/v2\/media?parent=5474"}],"wp:term":[{"taxonomy":"product_brand","embeddable":true,"href":"https:\/\/tumarca.co\/index.php\/wp-json\/wp\/v2\/product_brand?post=5474"},{"taxonomy":"product_cat","embeddable":true,"href":"https:\/\/tumarca.co\/index.php\/wp-json\/wp\/v2\/product_cat?post=5474"},{"taxonomy":"product_tag","embeddable":true,"href":"https:\/\/tumarca.co\/index.php\/wp-json\/wp\/v2\/product_tag?post=5474"}],"curies":[{"name":"wp","href":"https:\/\/api.w.org\/{rel}","templated":true}]}}