{"id":5476,"date":"2019-07-08T07:03:07","date_gmt":"2019-07-08T07:03:07","guid":{"rendered":"http:\/\/tumarca.co\/2019\/index.php\/product\/audifonos-single\/"},"modified":"2019-07-08T07:03:07","modified_gmt":"2019-07-08T07:03:07","slug":"audifonos-single","status":"publish","type":"product","link":"https:\/\/tumarca.co\/index.php\/product\/audifonos-single\/","title":{"rendered":"Aud\u00edfonos Single"},"content":{"rendered":"<p>Aud\u00edfonos Intraaurales, en estuche pl\u00e1stico para f\u00e1cil almacenamiento y protecci\u00f3n, plug conector de audio est\u00e1ndar apto para la mayor\u00eda de dispositivos de audio. Longitud del cable 1 m. <\/p>\n","protected":false},"excerpt":{"rendered":"<p>Aud\u00edfonos Intraaurales, en estuche pl\u00e1stico para f\u00e1cil almacenamiento y protecci\u00f3n, plug conector de audio est\u00e1ndar apto para la mayor\u00eda de dispositivos de audio. Longitud del cable 1 m.<\/p>\n","protected":false},"featured_media":5475,"comment_status":"closed","ping_status":"closed","template":"","meta":[],"product_brand":[],"product_cat":[92],"product_tag":[],"class_list":{"0":"post-5476","1":"product","2":"type-product","3":"status-publish","4":"has-post-thumbnail","6":"product_cat-audifonos-intraaurales","8":"first","9":"instock","10":"shipping-taxable","11":"product-type-simple"},"_links":{"self":[{"href":"https:\/\/tumarca.co\/index.php\/wp-json\/wp\/v2\/product\/5476","targetHints":{"allow":["GET"]}}],"collection":[{"href":"https:\/\/tumarca.co\/index.php\/wp-json\/wp\/v2\/product"}],"about":[{"href":"https:\/\/tumarca.co\/index.php\/wp-json\/wp\/v2\/types\/product"}],"replies":[{"embeddable":true,"href":"https:\/\/tumarca.co\/index.php\/wp-json\/wp\/v2\/comments?post=5476"}],"version-history":[{"count":0,"href":"https:\/\/tumarca.co\/index.php\/wp-json\/wp\/v2\/product\/5476\/revisions"}],"wp:featuredmedia":[{"embeddable":true,"href":"https:\/\/tumarca.co\/index.php\/wp-json\/wp\/v2\/media\/5475"}],"wp:attachment":[{"href":"https:\/\/tumarca.co\/index.php\/wp-json\/wp\/v2\/media?parent=5476"}],"wp:term":[{"taxonomy":"product_brand","embeddable":true,"href":"https:\/\/tumarca.co\/index.php\/wp-json\/wp\/v2\/product_brand?post=5476"},{"taxonomy":"product_cat","embeddable":true,"href":"https:\/\/tumarca.co\/index.php\/wp-json\/wp\/v2\/product_cat?post=5476"},{"taxonomy":"product_tag","embeddable":true,"href":"https:\/\/tumarca.co\/index.php\/wp-json\/wp\/v2\/product_tag?post=5476"}],"curies":[{"name":"wp","href":"https:\/\/api.w.org\/{rel}","templated":true}]}}