{"id":5480,"date":"2019-07-08T07:03:43","date_gmt":"2019-07-08T07:03:43","guid":{"rendered":"http:\/\/tumarca.co\/2019\/index.php\/product\/audifonos-con-organizador-roller\/"},"modified":"2019-07-08T07:03:43","modified_gmt":"2019-07-08T07:03:43","slug":"audifonos-con-organizador-roller","status":"publish","type":"product","link":"https:\/\/tumarca.co\/index.php\/product\/audifonos-con-organizador-roller\/","title":{"rendered":"Aud\u00edfonos con Organizador Roller"},"content":{"rendered":"<p>Aud\u00edfonos intraaurales de conexi\u00f3n est\u00e1ndar 3,5 mm, con organizador que adem\u00e1s de facilitar su almacenamiento, evita que se enreden cuando se est\u00e1n utilizando. Longitud del cable 1,05 m.<\/p>\n","protected":false},"excerpt":{"rendered":"<p>Aud\u00edfonos intraaurales de conexi\u00f3n est\u00e1ndar 3,5 mm, con organizador que adem\u00e1s de facilitar su almacenamiento, evita que se enreden cuando se est\u00e1n utilizando. Longitud del cable 1,05 m.<\/p>\n","protected":false},"featured_media":5479,"comment_status":"closed","ping_status":"closed","template":"","meta":[],"product_brand":[],"product_cat":[92],"product_tag":[],"class_list":{"0":"post-5480","1":"product","2":"type-product","3":"status-publish","4":"has-post-thumbnail","6":"product_cat-audifonos-intraaurales","8":"first","9":"instock","10":"shipping-taxable","11":"product-type-simple"},"_links":{"self":[{"href":"https:\/\/tumarca.co\/index.php\/wp-json\/wp\/v2\/product\/5480","targetHints":{"allow":["GET"]}}],"collection":[{"href":"https:\/\/tumarca.co\/index.php\/wp-json\/wp\/v2\/product"}],"about":[{"href":"https:\/\/tumarca.co\/index.php\/wp-json\/wp\/v2\/types\/product"}],"replies":[{"embeddable":true,"href":"https:\/\/tumarca.co\/index.php\/wp-json\/wp\/v2\/comments?post=5480"}],"version-history":[{"count":0,"href":"https:\/\/tumarca.co\/index.php\/wp-json\/wp\/v2\/product\/5480\/revisions"}],"wp:featuredmedia":[{"embeddable":true,"href":"https:\/\/tumarca.co\/index.php\/wp-json\/wp\/v2\/media\/5479"}],"wp:attachment":[{"href":"https:\/\/tumarca.co\/index.php\/wp-json\/wp\/v2\/media?parent=5480"}],"wp:term":[{"taxonomy":"product_brand","embeddable":true,"href":"https:\/\/tumarca.co\/index.php\/wp-json\/wp\/v2\/product_brand?post=5480"},{"taxonomy":"product_cat","embeddable":true,"href":"https:\/\/tumarca.co\/index.php\/wp-json\/wp\/v2\/product_cat?post=5480"},{"taxonomy":"product_tag","embeddable":true,"href":"https:\/\/tumarca.co\/index.php\/wp-json\/wp\/v2\/product_tag?post=5480"}],"curies":[{"name":"wp","href":"https:\/\/api.w.org\/{rel}","templated":true}]}}