{"id":5486,"date":"2019-07-08T07:04:40","date_gmt":"2019-07-08T07:04:40","guid":{"rendered":"http:\/\/tumarca.co\/2019\/index.php\/product\/audifonos-con-microfono-bigot\/"},"modified":"2019-07-08T07:04:40","modified_gmt":"2019-07-08T07:04:40","slug":"audifonos-con-microfono-bigot","status":"publish","type":"product","link":"https:\/\/tumarca.co\/index.php\/product\/audifonos-con-microfono-bigot\/","title":{"rendered":"Aud\u00edfonos Con Microfono Bigot"},"content":{"rendered":"<p>Aud\u00edfonos intraaurales al\u00e1mbricos con control de volumen y micr\u00f3fono para utilizar como manos libres, auriculares tipo bot\u00f3n de 10 mm, respuesta de frecuencia 20 Hz \u2013 20 KHz, impedancia: 32 Ohms, Incluye estuche pl\u00e1stico. Cable est\u00e1ndar 3,5 mm, longitud del cable 1,10 m. <\/p>\n","protected":false},"excerpt":{"rendered":"<p>Aud\u00edfonos intraaurales al\u00e1mbricos con control de volumen y micr\u00f3fono para utilizar como manos libres, auriculares tipo bot\u00f3n de 10 mm, respuesta de frecuencia 20 Hz \u2013 20 KHz, impedancia: 32 Ohms, Incluye estuche pl\u00e1stico. Cable est\u00e1ndar 3,5 mm, longitud del cable 1,10 m.<\/p>\n","protected":false},"featured_media":5485,"comment_status":"closed","ping_status":"closed","template":"","meta":[],"product_brand":[],"product_cat":[92],"product_tag":[],"class_list":{"0":"post-5486","1":"product","2":"type-product","3":"status-publish","4":"has-post-thumbnail","6":"product_cat-audifonos-intraaurales","8":"first","9":"instock","10":"shipping-taxable","11":"product-type-simple"},"_links":{"self":[{"href":"https:\/\/tumarca.co\/index.php\/wp-json\/wp\/v2\/product\/5486","targetHints":{"allow":["GET"]}}],"collection":[{"href":"https:\/\/tumarca.co\/index.php\/wp-json\/wp\/v2\/product"}],"about":[{"href":"https:\/\/tumarca.co\/index.php\/wp-json\/wp\/v2\/types\/product"}],"replies":[{"embeddable":true,"href":"https:\/\/tumarca.co\/index.php\/wp-json\/wp\/v2\/comments?post=5486"}],"version-history":[{"count":0,"href":"https:\/\/tumarca.co\/index.php\/wp-json\/wp\/v2\/product\/5486\/revisions"}],"wp:featuredmedia":[{"embeddable":true,"href":"https:\/\/tumarca.co\/index.php\/wp-json\/wp\/v2\/media\/5485"}],"wp:attachment":[{"href":"https:\/\/tumarca.co\/index.php\/wp-json\/wp\/v2\/media?parent=5486"}],"wp:term":[{"taxonomy":"product_brand","embeddable":true,"href":"https:\/\/tumarca.co\/index.php\/wp-json\/wp\/v2\/product_brand?post=5486"},{"taxonomy":"product_cat","embeddable":true,"href":"https:\/\/tumarca.co\/index.php\/wp-json\/wp\/v2\/product_cat?post=5486"},{"taxonomy":"product_tag","embeddable":true,"href":"https:\/\/tumarca.co\/index.php\/wp-json\/wp\/v2\/product_tag?post=5486"}],"curies":[{"name":"wp","href":"https:\/\/api.w.org\/{rel}","templated":true}]}}