{"id":5490,"date":"2019-07-08T07:05:21","date_gmt":"2019-07-08T07:05:21","guid":{"rendered":"http:\/\/tumarca.co\/2019\/index.php\/product\/audifonos-reflection\/"},"modified":"2019-07-08T07:05:21","modified_gmt":"2019-07-08T07:05:21","slug":"audifonos-reflection","status":"publish","type":"product","link":"https:\/\/tumarca.co\/index.php\/product\/audifonos-reflection\/","title":{"rendered":"Aud\u00edfonos Reflection"},"content":{"rendered":"<p>Aud\u00edfonos intraaurales con sistema tipo yoyo, clip para transportarlos f\u00e1cilmente y cable de conexi\u00f3n est\u00e1ndar 3,5 mm. Longitud del cable 90 cm. <\/p>\n","protected":false},"excerpt":{"rendered":"<p>Aud\u00edfonos intraaurales con sistema tipo yoyo, clip para transportarlos f\u00e1cilmente y cable de conexi\u00f3n est\u00e1ndar 3,5 mm. Longitud del cable 90 cm.<\/p>\n","protected":false},"featured_media":5489,"comment_status":"closed","ping_status":"closed","template":"","meta":[],"product_brand":[],"product_cat":[92],"product_tag":[],"class_list":{"0":"post-5490","1":"product","2":"type-product","3":"status-publish","4":"has-post-thumbnail","6":"product_cat-audifonos-intraaurales","8":"first","9":"instock","10":"shipping-taxable","11":"product-type-simple"},"_links":{"self":[{"href":"https:\/\/tumarca.co\/index.php\/wp-json\/wp\/v2\/product\/5490","targetHints":{"allow":["GET"]}}],"collection":[{"href":"https:\/\/tumarca.co\/index.php\/wp-json\/wp\/v2\/product"}],"about":[{"href":"https:\/\/tumarca.co\/index.php\/wp-json\/wp\/v2\/types\/product"}],"replies":[{"embeddable":true,"href":"https:\/\/tumarca.co\/index.php\/wp-json\/wp\/v2\/comments?post=5490"}],"version-history":[{"count":0,"href":"https:\/\/tumarca.co\/index.php\/wp-json\/wp\/v2\/product\/5490\/revisions"}],"wp:featuredmedia":[{"embeddable":true,"href":"https:\/\/tumarca.co\/index.php\/wp-json\/wp\/v2\/media\/5489"}],"wp:attachment":[{"href":"https:\/\/tumarca.co\/index.php\/wp-json\/wp\/v2\/media?parent=5490"}],"wp:term":[{"taxonomy":"product_brand","embeddable":true,"href":"https:\/\/tumarca.co\/index.php\/wp-json\/wp\/v2\/product_brand?post=5490"},{"taxonomy":"product_cat","embeddable":true,"href":"https:\/\/tumarca.co\/index.php\/wp-json\/wp\/v2\/product_cat?post=5490"},{"taxonomy":"product_tag","embeddable":true,"href":"https:\/\/tumarca.co\/index.php\/wp-json\/wp\/v2\/product_tag?post=5490"}],"curies":[{"name":"wp","href":"https:\/\/api.w.org\/{rel}","templated":true}]}}