{"id":5496,"date":"2019-07-08T07:06:14","date_gmt":"2019-07-08T07:06:14","guid":{"rendered":"http:\/\/tumarca.co\/2019\/index.php\/product\/audifonos-clean\/"},"modified":"2019-07-08T07:06:14","modified_gmt":"2019-07-08T07:06:14","slug":"audifonos-clean","status":"publish","type":"product","link":"https:\/\/tumarca.co\/index.php\/product\/audifonos-clean\/","title":{"rendered":"Aud\u00edfonos Clean"},"content":{"rendered":"<p>Aud\u00edfonos intraaurales de conexi\u00f3n al\u00e1mbrica, vienen en estuche pl\u00e1stico que funciona como limpiador de pantallas t\u00e1ctil y gancho carabinero. Plug de salida est\u00e1ndar 3.5 mm. Longitud del cable 1 m. <\/p>\n","protected":false},"excerpt":{"rendered":"<p>Aud\u00edfonos intraaurales de conexi\u00f3n al\u00e1mbrica, vienen en estuche pl\u00e1stico que funciona como limpiador de pantallas t\u00e1ctil y gancho carabinero. Plug de salida est\u00e1ndar 3.5 mm. Longitud del cable 1 m.<\/p>\n","protected":false},"featured_media":5495,"comment_status":"closed","ping_status":"closed","template":"","meta":[],"product_brand":[],"product_cat":[92],"product_tag":[],"class_list":{"0":"post-5496","1":"product","2":"type-product","3":"status-publish","4":"has-post-thumbnail","6":"product_cat-audifonos-intraaurales","8":"first","9":"instock","10":"shipping-taxable","11":"product-type-simple"},"_links":{"self":[{"href":"https:\/\/tumarca.co\/index.php\/wp-json\/wp\/v2\/product\/5496","targetHints":{"allow":["GET"]}}],"collection":[{"href":"https:\/\/tumarca.co\/index.php\/wp-json\/wp\/v2\/product"}],"about":[{"href":"https:\/\/tumarca.co\/index.php\/wp-json\/wp\/v2\/types\/product"}],"replies":[{"embeddable":true,"href":"https:\/\/tumarca.co\/index.php\/wp-json\/wp\/v2\/comments?post=5496"}],"version-history":[{"count":0,"href":"https:\/\/tumarca.co\/index.php\/wp-json\/wp\/v2\/product\/5496\/revisions"}],"wp:featuredmedia":[{"embeddable":true,"href":"https:\/\/tumarca.co\/index.php\/wp-json\/wp\/v2\/media\/5495"}],"wp:attachment":[{"href":"https:\/\/tumarca.co\/index.php\/wp-json\/wp\/v2\/media?parent=5496"}],"wp:term":[{"taxonomy":"product_brand","embeddable":true,"href":"https:\/\/tumarca.co\/index.php\/wp-json\/wp\/v2\/product_brand?post=5496"},{"taxonomy":"product_cat","embeddable":true,"href":"https:\/\/tumarca.co\/index.php\/wp-json\/wp\/v2\/product_cat?post=5496"},{"taxonomy":"product_tag","embeddable":true,"href":"https:\/\/tumarca.co\/index.php\/wp-json\/wp\/v2\/product_tag?post=5496"}],"curies":[{"name":"wp","href":"https:\/\/api.w.org\/{rel}","templated":true}]}}