{"id":5500,"date":"2019-07-08T07:06:43","date_gmt":"2019-07-08T07:06:43","guid":{"rendered":"http:\/\/tumarca.co\/2019\/index.php\/product\/audifonos-venture\/"},"modified":"2019-07-08T07:06:43","modified_gmt":"2019-07-08T07:06:43","slug":"audifonos-venture","status":"publish","type":"product","link":"https:\/\/tumarca.co\/index.php\/product\/audifonos-venture\/","title":{"rendered":"Aud\u00edfonos Venture"},"content":{"rendered":"<p>Aud\u00edfonos intraaurales de conexi\u00f3n al\u00e1mbrica, Tasa de distorsi\u00f3n: 0.3%. Con pr\u00e1ctico estuche para f\u00e1cil almacenamiento. Cable de plug est\u00e1ndar 3,5 mm. Longitud del cable: 1,225m. <\/p>\n","protected":false},"excerpt":{"rendered":"<p>Aud\u00edfonos intraaurales de conexi\u00f3n al\u00e1mbrica, Tasa de distorsi\u00f3n: 0.3%. Con pr\u00e1ctico estuche para f\u00e1cil almacenamiento. Cable de plug est\u00e1ndar 3,5 mm. Longitud del cable: 1,225m.<\/p>\n","protected":false},"featured_media":5499,"comment_status":"closed","ping_status":"closed","template":"","meta":[],"product_brand":[],"product_cat":[92],"product_tag":[],"class_list":{"0":"post-5500","1":"product","2":"type-product","3":"status-publish","4":"has-post-thumbnail","6":"product_cat-audifonos-intraaurales","8":"first","9":"instock","10":"shipping-taxable","11":"product-type-simple"},"_links":{"self":[{"href":"https:\/\/tumarca.co\/index.php\/wp-json\/wp\/v2\/product\/5500","targetHints":{"allow":["GET"]}}],"collection":[{"href":"https:\/\/tumarca.co\/index.php\/wp-json\/wp\/v2\/product"}],"about":[{"href":"https:\/\/tumarca.co\/index.php\/wp-json\/wp\/v2\/types\/product"}],"replies":[{"embeddable":true,"href":"https:\/\/tumarca.co\/index.php\/wp-json\/wp\/v2\/comments?post=5500"}],"version-history":[{"count":0,"href":"https:\/\/tumarca.co\/index.php\/wp-json\/wp\/v2\/product\/5500\/revisions"}],"wp:featuredmedia":[{"embeddable":true,"href":"https:\/\/tumarca.co\/index.php\/wp-json\/wp\/v2\/media\/5499"}],"wp:attachment":[{"href":"https:\/\/tumarca.co\/index.php\/wp-json\/wp\/v2\/media?parent=5500"}],"wp:term":[{"taxonomy":"product_brand","embeddable":true,"href":"https:\/\/tumarca.co\/index.php\/wp-json\/wp\/v2\/product_brand?post=5500"},{"taxonomy":"product_cat","embeddable":true,"href":"https:\/\/tumarca.co\/index.php\/wp-json\/wp\/v2\/product_cat?post=5500"},{"taxonomy":"product_tag","embeddable":true,"href":"https:\/\/tumarca.co\/index.php\/wp-json\/wp\/v2\/product_tag?post=5500"}],"curies":[{"name":"wp","href":"https:\/\/api.w.org\/{rel}","templated":true}]}}