{"id":5502,"date":"2019-07-08T07:07:01","date_gmt":"2019-07-08T07:07:01","guid":{"rendered":"http:\/\/tumarca.co\/2019\/index.php\/product\/audifonos-slot\/"},"modified":"2019-07-08T07:07:01","modified_gmt":"2019-07-08T07:07:01","slug":"audifonos-slot","status":"publish","type":"product","link":"https:\/\/tumarca.co\/index.php\/product\/audifonos-slot\/","title":{"rendered":"Aud\u00edfonos Slot"},"content":{"rendered":"<p>Aud\u00edfonos intraaurales de conexi\u00f3n al\u00e1mbrica, altavoz: di\u00e1metro 10 mm. Sensibilidad: 102 \u00b1 5dB \/ mW, impedancia: 32ohm \u00b1 10%, rango de frecuencia: 20-20,000Hz, entrada nominal (potencia de la tasa): 40mW, entrada m\u00e1xima: 100 mW, conector de plug est\u00e1ndar 3,5 mm niquelado, con acabado de goma. Longitud del cable: 1.2 m.<\/p>\n","protected":false},"excerpt":{"rendered":"<p>Aud\u00edfonos intraaurales de conexi\u00f3n al\u00e1mbrica, altavoz: di\u00e1metro 10 mm. Sensibilidad: 102 \u00b1 5dB \/ mW, impedancia: 32ohm \u00b1 10%, rango de frecuencia: 20-20,000Hz, entrada nominal (potencia de la tasa): 40mW, entrada m\u00e1xima: 100 mW, conector de plug est\u00e1ndar 3,5 mm niquelado, con acabado de goma. Longitud del cable: 1.2 m.<\/p>\n","protected":false},"featured_media":5501,"comment_status":"closed","ping_status":"closed","template":"","meta":[],"product_brand":[],"product_cat":[92],"product_tag":[],"class_list":{"0":"post-5502","1":"product","2":"type-product","3":"status-publish","4":"has-post-thumbnail","6":"product_cat-audifonos-intraaurales","8":"first","9":"instock","10":"shipping-taxable","11":"product-type-simple"},"_links":{"self":[{"href":"https:\/\/tumarca.co\/index.php\/wp-json\/wp\/v2\/product\/5502","targetHints":{"allow":["GET"]}}],"collection":[{"href":"https:\/\/tumarca.co\/index.php\/wp-json\/wp\/v2\/product"}],"about":[{"href":"https:\/\/tumarca.co\/index.php\/wp-json\/wp\/v2\/types\/product"}],"replies":[{"embeddable":true,"href":"https:\/\/tumarca.co\/index.php\/wp-json\/wp\/v2\/comments?post=5502"}],"version-history":[{"count":0,"href":"https:\/\/tumarca.co\/index.php\/wp-json\/wp\/v2\/product\/5502\/revisions"}],"wp:featuredmedia":[{"embeddable":true,"href":"https:\/\/tumarca.co\/index.php\/wp-json\/wp\/v2\/media\/5501"}],"wp:attachment":[{"href":"https:\/\/tumarca.co\/index.php\/wp-json\/wp\/v2\/media?parent=5502"}],"wp:term":[{"taxonomy":"product_brand","embeddable":true,"href":"https:\/\/tumarca.co\/index.php\/wp-json\/wp\/v2\/product_brand?post=5502"},{"taxonomy":"product_cat","embeddable":true,"href":"https:\/\/tumarca.co\/index.php\/wp-json\/wp\/v2\/product_cat?post=5502"},{"taxonomy":"product_tag","embeddable":true,"href":"https:\/\/tumarca.co\/index.php\/wp-json\/wp\/v2\/product_tag?post=5502"}],"curies":[{"name":"wp","href":"https:\/\/api.w.org\/{rel}","templated":true}]}}