{"id":5506,"date":"2019-07-08T07:07:39","date_gmt":"2019-07-08T07:07:39","guid":{"rendered":"http:\/\/tumarca.co\/2019\/index.php\/product\/audifonos-rope\/"},"modified":"2019-07-08T07:07:39","modified_gmt":"2019-07-08T07:07:39","slug":"audifonos-rope","status":"publish","type":"product","link":"https:\/\/tumarca.co\/index.php\/product\/audifonos-rope\/","title":{"rendered":"Aud\u00edfonos Rope"},"content":{"rendered":"<p>Aud\u00edfonos intraaurales de conexi\u00f3n al\u00e1mbrica, sensibilidad del altavoz 102 +- 5db\/mW, impedancia 32ohm, rango de frecuencia: 20-20.000Hz, con acabado textil. Se puede colocar como manilla para f\u00e1cil transporte. Cable de plug est\u00e1ndar 3,5 mm, Longitud del cable 1,2 m.<\/p>\n","protected":false},"excerpt":{"rendered":"<p>Aud\u00edfonos intraaurales de conexi\u00f3n al\u00e1mbrica, sensibilidad del altavoz 102 +- 5db\/mW, impedancia 32ohm, rango de frecuencia: 20-20.000Hz, con acabado textil. Se puede colocar como manilla para f\u00e1cil transporte. Cable de plug est\u00e1ndar 3,5 mm, Longitud del cable 1,2 m.<\/p>\n","protected":false},"featured_media":5505,"comment_status":"closed","ping_status":"closed","template":"","meta":[],"product_brand":[],"product_cat":[92],"product_tag":[],"class_list":{"0":"post-5506","1":"product","2":"type-product","3":"status-publish","4":"has-post-thumbnail","6":"product_cat-audifonos-intraaurales","8":"first","9":"instock","10":"shipping-taxable","11":"product-type-simple"},"_links":{"self":[{"href":"https:\/\/tumarca.co\/index.php\/wp-json\/wp\/v2\/product\/5506","targetHints":{"allow":["GET"]}}],"collection":[{"href":"https:\/\/tumarca.co\/index.php\/wp-json\/wp\/v2\/product"}],"about":[{"href":"https:\/\/tumarca.co\/index.php\/wp-json\/wp\/v2\/types\/product"}],"replies":[{"embeddable":true,"href":"https:\/\/tumarca.co\/index.php\/wp-json\/wp\/v2\/comments?post=5506"}],"version-history":[{"count":0,"href":"https:\/\/tumarca.co\/index.php\/wp-json\/wp\/v2\/product\/5506\/revisions"}],"wp:featuredmedia":[{"embeddable":true,"href":"https:\/\/tumarca.co\/index.php\/wp-json\/wp\/v2\/media\/5505"}],"wp:attachment":[{"href":"https:\/\/tumarca.co\/index.php\/wp-json\/wp\/v2\/media?parent=5506"}],"wp:term":[{"taxonomy":"product_brand","embeddable":true,"href":"https:\/\/tumarca.co\/index.php\/wp-json\/wp\/v2\/product_brand?post=5506"},{"taxonomy":"product_cat","embeddable":true,"href":"https:\/\/tumarca.co\/index.php\/wp-json\/wp\/v2\/product_cat?post=5506"},{"taxonomy":"product_tag","embeddable":true,"href":"https:\/\/tumarca.co\/index.php\/wp-json\/wp\/v2\/product_tag?post=5506"}],"curies":[{"name":"wp","href":"https:\/\/api.w.org\/{rel}","templated":true}]}}