{"id":5516,"date":"2019-07-08T07:09:04","date_gmt":"2019-07-08T07:09:04","guid":{"rendered":"http:\/\/tumarca.co\/2019\/index.php\/product\/audifonos-bend\/"},"modified":"2019-07-08T07:09:04","modified_gmt":"2019-07-08T07:09:04","slug":"audifonos-bend","status":"publish","type":"product","link":"https:\/\/tumarca.co\/index.php\/product\/audifonos-bend\/","title":{"rendered":"Aud\u00edfonos Bend"},"content":{"rendered":"<p>Aud\u00edfonos supraaurales, con diadema ajustable y plegable. incluye funda para f\u00e1cil almacenamiento y protecci\u00f3n. Longitud del cable 1,10 m. <\/p>\n","protected":false},"excerpt":{"rendered":"<p>Aud\u00edfonos supraaurales, con diadema ajustable y plegable. incluye funda para f\u00e1cil almacenamiento y protecci\u00f3n. Longitud del cable 1,10 m.<\/p>\n","protected":false},"featured_media":5515,"comment_status":"closed","ping_status":"closed","template":"","meta":[],"product_brand":[],"product_cat":[88],"product_tag":[],"class_list":{"0":"post-5516","1":"product","2":"type-product","3":"status-publish","4":"has-post-thumbnail","6":"product_cat-audifonos-supraaurales","8":"first","9":"instock","10":"shipping-taxable","11":"product-type-simple"},"_links":{"self":[{"href":"https:\/\/tumarca.co\/index.php\/wp-json\/wp\/v2\/product\/5516","targetHints":{"allow":["GET"]}}],"collection":[{"href":"https:\/\/tumarca.co\/index.php\/wp-json\/wp\/v2\/product"}],"about":[{"href":"https:\/\/tumarca.co\/index.php\/wp-json\/wp\/v2\/types\/product"}],"replies":[{"embeddable":true,"href":"https:\/\/tumarca.co\/index.php\/wp-json\/wp\/v2\/comments?post=5516"}],"version-history":[{"count":0,"href":"https:\/\/tumarca.co\/index.php\/wp-json\/wp\/v2\/product\/5516\/revisions"}],"wp:featuredmedia":[{"embeddable":true,"href":"https:\/\/tumarca.co\/index.php\/wp-json\/wp\/v2\/media\/5515"}],"wp:attachment":[{"href":"https:\/\/tumarca.co\/index.php\/wp-json\/wp\/v2\/media?parent=5516"}],"wp:term":[{"taxonomy":"product_brand","embeddable":true,"href":"https:\/\/tumarca.co\/index.php\/wp-json\/wp\/v2\/product_brand?post=5516"},{"taxonomy":"product_cat","embeddable":true,"href":"https:\/\/tumarca.co\/index.php\/wp-json\/wp\/v2\/product_cat?post=5516"},{"taxonomy":"product_tag","embeddable":true,"href":"https:\/\/tumarca.co\/index.php\/wp-json\/wp\/v2\/product_tag?post=5516"}],"curies":[{"name":"wp","href":"https:\/\/api.w.org\/{rel}","templated":true}]}}