{"id":5524,"date":"2019-07-08T07:10:16","date_gmt":"2019-07-08T07:10:16","guid":{"rendered":"http:\/\/tumarca.co\/2019\/index.php\/product\/audifonos-chill\/"},"modified":"2019-07-08T07:10:16","modified_gmt":"2019-07-08T07:10:16","slug":"audifonos-chill","status":"publish","type":"product","link":"https:\/\/tumarca.co\/index.php\/product\/audifonos-chill\/","title":{"rendered":"Aud\u00edfonos Chill"},"content":{"rendered":"<p>Aud\u00edfonos supraaurales de conexi\u00f3n al\u00e1mbrica, con almohadillas acolchadas; Plegables para facilitar su almacenamiento. Cable de conexi\u00f3n est\u00e1ndar est\u00e1ndar 3,5 mm removible. <\/p>\n","protected":false},"excerpt":{"rendered":"<p>Aud\u00edfonos supraaurales de conexi\u00f3n al\u00e1mbrica, con almohadillas acolchadas; Plegables para facilitar su almacenamiento. Cable de conexi\u00f3n est\u00e1ndar est\u00e1ndar 3,5 mm removible.<\/p>\n","protected":false},"featured_media":5523,"comment_status":"closed","ping_status":"closed","template":"","meta":[],"product_brand":[],"product_cat":[88],"product_tag":[],"class_list":{"0":"post-5524","1":"product","2":"type-product","3":"status-publish","4":"has-post-thumbnail","6":"product_cat-audifonos-supraaurales","8":"first","9":"instock","10":"shipping-taxable","11":"product-type-simple"},"_links":{"self":[{"href":"https:\/\/tumarca.co\/index.php\/wp-json\/wp\/v2\/product\/5524","targetHints":{"allow":["GET"]}}],"collection":[{"href":"https:\/\/tumarca.co\/index.php\/wp-json\/wp\/v2\/product"}],"about":[{"href":"https:\/\/tumarca.co\/index.php\/wp-json\/wp\/v2\/types\/product"}],"replies":[{"embeddable":true,"href":"https:\/\/tumarca.co\/index.php\/wp-json\/wp\/v2\/comments?post=5524"}],"version-history":[{"count":0,"href":"https:\/\/tumarca.co\/index.php\/wp-json\/wp\/v2\/product\/5524\/revisions"}],"wp:featuredmedia":[{"embeddable":true,"href":"https:\/\/tumarca.co\/index.php\/wp-json\/wp\/v2\/media\/5523"}],"wp:attachment":[{"href":"https:\/\/tumarca.co\/index.php\/wp-json\/wp\/v2\/media?parent=5524"}],"wp:term":[{"taxonomy":"product_brand","embeddable":true,"href":"https:\/\/tumarca.co\/index.php\/wp-json\/wp\/v2\/product_brand?post=5524"},{"taxonomy":"product_cat","embeddable":true,"href":"https:\/\/tumarca.co\/index.php\/wp-json\/wp\/v2\/product_cat?post=5524"},{"taxonomy":"product_tag","embeddable":true,"href":"https:\/\/tumarca.co\/index.php\/wp-json\/wp\/v2\/product_tag?post=5524"}],"curies":[{"name":"wp","href":"https:\/\/api.w.org\/{rel}","templated":true}]}}