{"id":5528,"date":"2019-07-08T07:10:53","date_gmt":"2019-07-08T07:10:53","guid":{"rendered":"http:\/\/tumarca.co\/2019\/index.php\/product\/audifonos-dial\/"},"modified":"2019-07-08T07:10:53","modified_gmt":"2019-07-08T07:10:53","slug":"audifonos-dial","status":"publish","type":"product","link":"https:\/\/tumarca.co\/index.php\/product\/audifonos-dial\/","title":{"rendered":"Aud\u00edfonos Dial"},"content":{"rendered":"<p>Aud\u00edfonos supraaurales de conexi\u00f3n al\u00e1mbrica. Almohadillas acolchadas, sensibilidad 116 dB \u00b1 3 dB (1 kHz), impedancia: 32 \u03a9, frecuencia: 18 Hz &#8211; 20 kHz. Plegables para facilitar su almacenamiento. Cable de plug est\u00e1ndar 3,5 mm. Longitud del cable 1,24 m. <\/p>\n","protected":false},"excerpt":{"rendered":"<p>Aud\u00edfonos supraaurales de conexi\u00f3n al\u00e1mbrica. Almohadillas acolchadas, sensibilidad 116 dB \u00b1 3 dB (1 kHz), impedancia: 32 \u03a9, frecuencia: 18 Hz &#8211; 20 kHz. Plegables para facilitar su almacenamiento. Cable de plug est\u00e1ndar 3,5 mm. Longitud del cable 1,24 m.<\/p>\n","protected":false},"featured_media":5527,"comment_status":"closed","ping_status":"closed","template":"","meta":[],"product_brand":[],"product_cat":[88],"product_tag":[],"class_list":{"0":"post-5528","1":"product","2":"type-product","3":"status-publish","4":"has-post-thumbnail","6":"product_cat-audifonos-supraaurales","8":"first","9":"instock","10":"shipping-taxable","11":"product-type-simple"},"_links":{"self":[{"href":"https:\/\/tumarca.co\/index.php\/wp-json\/wp\/v2\/product\/5528","targetHints":{"allow":["GET"]}}],"collection":[{"href":"https:\/\/tumarca.co\/index.php\/wp-json\/wp\/v2\/product"}],"about":[{"href":"https:\/\/tumarca.co\/index.php\/wp-json\/wp\/v2\/types\/product"}],"replies":[{"embeddable":true,"href":"https:\/\/tumarca.co\/index.php\/wp-json\/wp\/v2\/comments?post=5528"}],"version-history":[{"count":0,"href":"https:\/\/tumarca.co\/index.php\/wp-json\/wp\/v2\/product\/5528\/revisions"}],"wp:featuredmedia":[{"embeddable":true,"href":"https:\/\/tumarca.co\/index.php\/wp-json\/wp\/v2\/media\/5527"}],"wp:attachment":[{"href":"https:\/\/tumarca.co\/index.php\/wp-json\/wp\/v2\/media?parent=5528"}],"wp:term":[{"taxonomy":"product_brand","embeddable":true,"href":"https:\/\/tumarca.co\/index.php\/wp-json\/wp\/v2\/product_brand?post=5528"},{"taxonomy":"product_cat","embeddable":true,"href":"https:\/\/tumarca.co\/index.php\/wp-json\/wp\/v2\/product_cat?post=5528"},{"taxonomy":"product_tag","embeddable":true,"href":"https:\/\/tumarca.co\/index.php\/wp-json\/wp\/v2\/product_tag?post=5528"}],"curies":[{"name":"wp","href":"https:\/\/api.w.org\/{rel}","templated":true}]}}