{"id":5532,"date":"2019-07-08T07:11:34","date_gmt":"2019-07-08T07:11:34","guid":{"rendered":"http:\/\/tumarca.co\/2019\/index.php\/product\/audifonos-bahamas\/"},"modified":"2019-07-08T07:11:34","modified_gmt":"2019-07-08T07:11:34","slug":"audifonos-bahamas","status":"publish","type":"product","link":"https:\/\/tumarca.co\/index.php\/product\/audifonos-bahamas\/","title":{"rendered":"Aud\u00edfonos Bahamas"},"content":{"rendered":"<p>Aud\u00edfonos supraaurales, tama\u00f1o del altavoz: di\u00e1metro de 40mm, rango de frecuencia: 20-20,000Hz, impedancia: 32Ohm, sensibilidad: 115dB, cable de plug est\u00e1ndar 3,5 mm, largo del cable 1.2 m. <\/p>\n","protected":false},"excerpt":{"rendered":"<p>Aud\u00edfonos supraaurales, tama\u00f1o del altavoz: di\u00e1metro de 40mm, rango de frecuencia: 20-20,000Hz, impedancia: 32Ohm, sensibilidad: 115dB, cable de plug est\u00e1ndar 3,5 mm, largo del cable 1.2 m.<\/p>\n","protected":false},"featured_media":5531,"comment_status":"closed","ping_status":"closed","template":"","meta":[],"product_brand":[],"product_cat":[88],"product_tag":[],"class_list":{"0":"post-5532","1":"product","2":"type-product","3":"status-publish","4":"has-post-thumbnail","6":"product_cat-audifonos-supraaurales","8":"first","9":"instock","10":"shipping-taxable","11":"product-type-simple"},"_links":{"self":[{"href":"https:\/\/tumarca.co\/index.php\/wp-json\/wp\/v2\/product\/5532","targetHints":{"allow":["GET"]}}],"collection":[{"href":"https:\/\/tumarca.co\/index.php\/wp-json\/wp\/v2\/product"}],"about":[{"href":"https:\/\/tumarca.co\/index.php\/wp-json\/wp\/v2\/types\/product"}],"replies":[{"embeddable":true,"href":"https:\/\/tumarca.co\/index.php\/wp-json\/wp\/v2\/comments?post=5532"}],"version-history":[{"count":0,"href":"https:\/\/tumarca.co\/index.php\/wp-json\/wp\/v2\/product\/5532\/revisions"}],"wp:featuredmedia":[{"embeddable":true,"href":"https:\/\/tumarca.co\/index.php\/wp-json\/wp\/v2\/media\/5531"}],"wp:attachment":[{"href":"https:\/\/tumarca.co\/index.php\/wp-json\/wp\/v2\/media?parent=5532"}],"wp:term":[{"taxonomy":"product_brand","embeddable":true,"href":"https:\/\/tumarca.co\/index.php\/wp-json\/wp\/v2\/product_brand?post=5532"},{"taxonomy":"product_cat","embeddable":true,"href":"https:\/\/tumarca.co\/index.php\/wp-json\/wp\/v2\/product_cat?post=5532"},{"taxonomy":"product_tag","embeddable":true,"href":"https:\/\/tumarca.co\/index.php\/wp-json\/wp\/v2\/product_tag?post=5532"}],"curies":[{"name":"wp","href":"https:\/\/api.w.org\/{rel}","templated":true}]}}