{"id":5534,"date":"2019-07-08T07:11:48","date_gmt":"2019-07-08T07:11:48","guid":{"rendered":"http:\/\/tumarca.co\/2019\/index.php\/product\/audifonos-security-kids\/"},"modified":"2019-07-08T07:11:48","modified_gmt":"2019-07-08T07:11:48","slug":"audifonos-security-kids","status":"publish","type":"product","link":"https:\/\/tumarca.co\/index.php\/product\/audifonos-security-kids\/","title":{"rendered":"Aud\u00edfonos Security Kids"},"content":{"rendered":"<p>Aud\u00edfonos supraaurales de seguridad para ni\u00f1os. Con ajuste de l\u00edmite de volumen para proteger los o\u00eddos de sus hijos. Tama\u00f1o del altavoz: di\u00e1metro de 40mm, rango de frecuencia: 20-20,000Hz, impedancia: 32Ohm, sensibilidad: 95dB, cable de plug est\u00e1ndar 3,5 mm, largo del cable 1.2 m. <\/p>\n","protected":false},"excerpt":{"rendered":"<p>Aud\u00edfonos supraaurales de seguridad para ni\u00f1os. Con ajuste de l\u00edmite de volumen para proteger los o\u00eddos de sus hijos. Tama\u00f1o del altavoz: di\u00e1metro de 40mm, rango de frecuencia: 20-20,000Hz, impedancia: 32Ohm, sensibilidad: 95dB, cable de plug est\u00e1ndar 3,5 mm, largo del cable 1.2 m.<\/p>\n","protected":false},"featured_media":5533,"comment_status":"closed","ping_status":"closed","template":"","meta":[],"product_brand":[],"product_cat":[88],"product_tag":[],"class_list":{"0":"post-5534","1":"product","2":"type-product","3":"status-publish","4":"has-post-thumbnail","6":"product_cat-audifonos-supraaurales","8":"first","9":"instock","10":"shipping-taxable","11":"product-type-simple"},"_links":{"self":[{"href":"https:\/\/tumarca.co\/index.php\/wp-json\/wp\/v2\/product\/5534","targetHints":{"allow":["GET"]}}],"collection":[{"href":"https:\/\/tumarca.co\/index.php\/wp-json\/wp\/v2\/product"}],"about":[{"href":"https:\/\/tumarca.co\/index.php\/wp-json\/wp\/v2\/types\/product"}],"replies":[{"embeddable":true,"href":"https:\/\/tumarca.co\/index.php\/wp-json\/wp\/v2\/comments?post=5534"}],"version-history":[{"count":0,"href":"https:\/\/tumarca.co\/index.php\/wp-json\/wp\/v2\/product\/5534\/revisions"}],"wp:featuredmedia":[{"embeddable":true,"href":"https:\/\/tumarca.co\/index.php\/wp-json\/wp\/v2\/media\/5533"}],"wp:attachment":[{"href":"https:\/\/tumarca.co\/index.php\/wp-json\/wp\/v2\/media?parent=5534"}],"wp:term":[{"taxonomy":"product_brand","embeddable":true,"href":"https:\/\/tumarca.co\/index.php\/wp-json\/wp\/v2\/product_brand?post=5534"},{"taxonomy":"product_cat","embeddable":true,"href":"https:\/\/tumarca.co\/index.php\/wp-json\/wp\/v2\/product_cat?post=5534"},{"taxonomy":"product_tag","embeddable":true,"href":"https:\/\/tumarca.co\/index.php\/wp-json\/wp\/v2\/product_tag?post=5534"}],"curies":[{"name":"wp","href":"https:\/\/api.w.org\/{rel}","templated":true}]}}