{"id":5536,"date":"2019-07-08T07:12:07","date_gmt":"2019-07-08T07:12:07","guid":{"rendered":"http:\/\/tumarca.co\/2019\/index.php\/product\/audifonos-city-acolchados\/"},"modified":"2019-07-08T07:12:07","modified_gmt":"2019-07-08T07:12:07","slug":"audifonos-city-acolchados","status":"publish","type":"product","link":"https:\/\/tumarca.co\/index.php\/product\/audifonos-city-acolchados\/","title":{"rendered":"Aud\u00edfonos City Acolchados"},"content":{"rendered":"<p>Aud\u00edfonos supraaurales de conexi\u00f3n al\u00e1mbrica, con diadema ajustable y acolchada. Rango de frecuencia 20-20,000Hz, impedancia 32Ohm, sensibilidad del altavoz 115dB, potencia m\u00e1xima 100mW, incluye cable con plug est\u00e1ndar de 3.5 mm, longitud del cable 1,2 m, acabado con revestimiento de goma. <\/p>\n","protected":false},"excerpt":{"rendered":"<p>Aud\u00edfonos supraaurales de conexi\u00f3n al\u00e1mbrica, con diadema ajustable y acolchada. Rango de frecuencia 20-20,000Hz, impedancia 32Ohm, sensibilidad del altavoz 115dB, potencia m\u00e1xima 100mW, incluye cable con plug est\u00e1ndar de 3.5 mm, longitud del cable 1,2 m, acabado con revestimiento de goma.<\/p>\n","protected":false},"featured_media":5535,"comment_status":"closed","ping_status":"closed","template":"","meta":[],"product_brand":[],"product_cat":[88],"product_tag":[],"class_list":{"0":"post-5536","1":"product","2":"type-product","3":"status-publish","4":"has-post-thumbnail","6":"product_cat-audifonos-supraaurales","8":"first","9":"instock","10":"shipping-taxable","11":"product-type-simple"},"_links":{"self":[{"href":"https:\/\/tumarca.co\/index.php\/wp-json\/wp\/v2\/product\/5536","targetHints":{"allow":["GET"]}}],"collection":[{"href":"https:\/\/tumarca.co\/index.php\/wp-json\/wp\/v2\/product"}],"about":[{"href":"https:\/\/tumarca.co\/index.php\/wp-json\/wp\/v2\/types\/product"}],"replies":[{"embeddable":true,"href":"https:\/\/tumarca.co\/index.php\/wp-json\/wp\/v2\/comments?post=5536"}],"version-history":[{"count":0,"href":"https:\/\/tumarca.co\/index.php\/wp-json\/wp\/v2\/product\/5536\/revisions"}],"wp:featuredmedia":[{"embeddable":true,"href":"https:\/\/tumarca.co\/index.php\/wp-json\/wp\/v2\/media\/5535"}],"wp:attachment":[{"href":"https:\/\/tumarca.co\/index.php\/wp-json\/wp\/v2\/media?parent=5536"}],"wp:term":[{"taxonomy":"product_brand","embeddable":true,"href":"https:\/\/tumarca.co\/index.php\/wp-json\/wp\/v2\/product_brand?post=5536"},{"taxonomy":"product_cat","embeddable":true,"href":"https:\/\/tumarca.co\/index.php\/wp-json\/wp\/v2\/product_cat?post=5536"},{"taxonomy":"product_tag","embeddable":true,"href":"https:\/\/tumarca.co\/index.php\/wp-json\/wp\/v2\/product_tag?post=5536"}],"curies":[{"name":"wp","href":"https:\/\/api.w.org\/{rel}","templated":true}]}}