{"id":5538,"date":"2019-07-08T07:12:21","date_gmt":"2019-07-08T07:12:21","guid":{"rendered":"http:\/\/tumarca.co\/2019\/index.php\/product\/audifonos-bluetooth-case\/"},"modified":"2019-07-08T07:12:21","modified_gmt":"2019-07-08T07:12:21","slug":"audifonos-bluetooth-case","status":"publish","type":"product","link":"https:\/\/tumarca.co\/index.php\/product\/audifonos-bluetooth-case\/","title":{"rendered":"Aud\u00edfonos Bluetooth Case"},"content":{"rendered":"<p>Aud\u00edfonos supraaurales Bluetooth V2.1, con funci\u00f3n de manos libres. Almohadillas acolchadas. Plegables para facilitar su almacenamiento. Cable de plug est\u00e1ndar 3,5 mm removible, bater\u00eda de Li-on de 400 mAh, tiempo de reproducci\u00f3n 6 horas aprox. A volumen medio, salida 5VDC 1A.  Incluye estuche, cable de carga USB\/micro USB y cable est\u00e1ndar cable 3,5mm. <\/p>\n","protected":false},"excerpt":{"rendered":"<p>Aud\u00edfonos supraaurales Bluetooth V2.1, con funci\u00f3n de manos libres. Almohadillas acolchadas. Plegables para facilitar su almacenamiento. Cable de plug est\u00e1ndar 3,5 mm removible, bater\u00eda de Li-on de 400 mAh, tiempo de reproducci\u00f3n 6 horas aprox. A volumen medio, salida 5VDC 1A. Incluye estuche, cable de carga USB\/micro USB y cable est\u00e1ndar cable 3,5mm.<\/p>\n","protected":false},"featured_media":5537,"comment_status":"closed","ping_status":"closed","template":"","meta":[],"product_brand":[],"product_cat":[15],"product_tag":[],"class_list":{"0":"post-5538","1":"product","2":"type-product","3":"status-publish","4":"has-post-thumbnail","6":"product_cat-uncategorized","8":"first","9":"instock","10":"shipping-taxable","11":"product-type-simple"},"_links":{"self":[{"href":"https:\/\/tumarca.co\/index.php\/wp-json\/wp\/v2\/product\/5538","targetHints":{"allow":["GET"]}}],"collection":[{"href":"https:\/\/tumarca.co\/index.php\/wp-json\/wp\/v2\/product"}],"about":[{"href":"https:\/\/tumarca.co\/index.php\/wp-json\/wp\/v2\/types\/product"}],"replies":[{"embeddable":true,"href":"https:\/\/tumarca.co\/index.php\/wp-json\/wp\/v2\/comments?post=5538"}],"version-history":[{"count":0,"href":"https:\/\/tumarca.co\/index.php\/wp-json\/wp\/v2\/product\/5538\/revisions"}],"wp:featuredmedia":[{"embeddable":true,"href":"https:\/\/tumarca.co\/index.php\/wp-json\/wp\/v2\/media\/5537"}],"wp:attachment":[{"href":"https:\/\/tumarca.co\/index.php\/wp-json\/wp\/v2\/media?parent=5538"}],"wp:term":[{"taxonomy":"product_brand","embeddable":true,"href":"https:\/\/tumarca.co\/index.php\/wp-json\/wp\/v2\/product_brand?post=5538"},{"taxonomy":"product_cat","embeddable":true,"href":"https:\/\/tumarca.co\/index.php\/wp-json\/wp\/v2\/product_cat?post=5538"},{"taxonomy":"product_tag","embeddable":true,"href":"https:\/\/tumarca.co\/index.php\/wp-json\/wp\/v2\/product_tag?post=5538"}],"curies":[{"name":"wp","href":"https:\/\/api.w.org\/{rel}","templated":true}]}}