{"id":5674,"date":"2019-07-08T08:08:11","date_gmt":"2019-07-08T08:08:11","guid":{"rendered":"http:\/\/tumarca.co\/2019\/index.php\/product\/ventilador-usb-cool\/"},"modified":"2025-05-07T00:36:29","modified_gmt":"2025-05-07T00:36:29","slug":"ventilador-usb-cool","status":"publish","type":"product","link":"https:\/\/tumarca.co\/index.php\/product\/ventilador-usb-cool\/","title":{"rendered":"Ventilador USB Cool"},"content":{"rendered":"<p>Ventilador flexible con conexi\u00f3n USB, disipa el calor de forma c\u00f3moda mientras estas en tu ordenador  o tablet. Compatible con cualquier dispositivo con conexi\u00f3n USB.<\/p>\n","protected":false},"excerpt":{"rendered":"<p>Ventilador flexible con conexi\u00f3n USB, disipa el calor de forma c\u00f3moda mientras estas en tu ordenador o tablet. Compatible con cualquier dispositivo con conexi\u00f3n USB.<\/p>\n","protected":false},"featured_media":5673,"comment_status":"closed","ping_status":"closed","template":"","meta":[],"product_brand":[],"product_cat":[86],"product_tag":[],"class_list":{"0":"post-5674","1":"product","2":"type-product","3":"status-publish","4":"has-post-thumbnail","6":"product_cat-accesorios-de-computador","8":"first","9":"instock","10":"shipping-taxable","11":"product-type-simple"},"_links":{"self":[{"href":"https:\/\/tumarca.co\/index.php\/wp-json\/wp\/v2\/product\/5674","targetHints":{"allow":["GET"]}}],"collection":[{"href":"https:\/\/tumarca.co\/index.php\/wp-json\/wp\/v2\/product"}],"about":[{"href":"https:\/\/tumarca.co\/index.php\/wp-json\/wp\/v2\/types\/product"}],"replies":[{"embeddable":true,"href":"https:\/\/tumarca.co\/index.php\/wp-json\/wp\/v2\/comments?post=5674"}],"version-history":[{"count":0,"href":"https:\/\/tumarca.co\/index.php\/wp-json\/wp\/v2\/product\/5674\/revisions"}],"wp:featuredmedia":[{"embeddable":true,"href":"https:\/\/tumarca.co\/index.php\/wp-json\/wp\/v2\/media\/5673"}],"wp:attachment":[{"href":"https:\/\/tumarca.co\/index.php\/wp-json\/wp\/v2\/media?parent=5674"}],"wp:term":[{"taxonomy":"product_brand","embeddable":true,"href":"https:\/\/tumarca.co\/index.php\/wp-json\/wp\/v2\/product_brand?post=5674"},{"taxonomy":"product_cat","embeddable":true,"href":"https:\/\/tumarca.co\/index.php\/wp-json\/wp\/v2\/product_cat?post=5674"},{"taxonomy":"product_tag","embeddable":true,"href":"https:\/\/tumarca.co\/index.php\/wp-json\/wp\/v2\/product_tag?post=5674"}],"curies":[{"name":"wp","href":"https:\/\/api.w.org\/{rel}","templated":true}]}}