{"id":5676,"date":"2019-07-08T08:08:25","date_gmt":"2019-07-08T08:08:25","guid":{"rendered":"http:\/\/tumarca.co\/2019\/index.php\/product\/mouse-inalambrico-plain\/"},"modified":"2025-05-07T00:36:29","modified_gmt":"2025-05-07T00:36:29","slug":"mouse-inalambrico-plain","status":"publish","type":"product","link":"https:\/\/tumarca.co\/index.php\/product\/mouse-inalambrico-plain\/","title":{"rendered":"Mouse Inal\u00e1mbrico Plain"},"content":{"rendered":"<p>Mouse inal\u00e1mbrico, dise\u00f1o Ergon\u00f3mico que ayuda a evitar el t\u00fanel carpiano. Es ligero y compacto. S\u00f3lo se debe conectar el receptor USB al computador, no requiere de ning\u00fan driver para que funcione, es completamente compatible con cualquier sistema operativo. Funciona con dos bater\u00edas AAA no incluidas. <\/p>\n","protected":false},"excerpt":{"rendered":"<p>Mouse inal\u00e1mbrico, dise\u00f1o Ergon\u00f3mico que ayuda a evitar el t\u00fanel carpiano. Es ligero y compacto. S\u00f3lo se debe conectar el receptor USB al computador, no requiere de ning\u00fan driver para que funcione, es completamente compatible con cualquier sistema operativo. Funciona con dos bater\u00edas AAA no incluidas.<\/p>\n","protected":false},"featured_media":5675,"comment_status":"closed","ping_status":"closed","template":"","meta":[],"product_brand":[],"product_cat":[86],"product_tag":[],"class_list":{"0":"post-5676","1":"product","2":"type-product","3":"status-publish","4":"has-post-thumbnail","6":"product_cat-accesorios-de-computador","8":"first","9":"instock","10":"shipping-taxable","11":"product-type-simple"},"_links":{"self":[{"href":"https:\/\/tumarca.co\/index.php\/wp-json\/wp\/v2\/product\/5676","targetHints":{"allow":["GET"]}}],"collection":[{"href":"https:\/\/tumarca.co\/index.php\/wp-json\/wp\/v2\/product"}],"about":[{"href":"https:\/\/tumarca.co\/index.php\/wp-json\/wp\/v2\/types\/product"}],"replies":[{"embeddable":true,"href":"https:\/\/tumarca.co\/index.php\/wp-json\/wp\/v2\/comments?post=5676"}],"version-history":[{"count":0,"href":"https:\/\/tumarca.co\/index.php\/wp-json\/wp\/v2\/product\/5676\/revisions"}],"wp:featuredmedia":[{"embeddable":true,"href":"https:\/\/tumarca.co\/index.php\/wp-json\/wp\/v2\/media\/5675"}],"wp:attachment":[{"href":"https:\/\/tumarca.co\/index.php\/wp-json\/wp\/v2\/media?parent=5676"}],"wp:term":[{"taxonomy":"product_brand","embeddable":true,"href":"https:\/\/tumarca.co\/index.php\/wp-json\/wp\/v2\/product_brand?post=5676"},{"taxonomy":"product_cat","embeddable":true,"href":"https:\/\/tumarca.co\/index.php\/wp-json\/wp\/v2\/product_cat?post=5676"},{"taxonomy":"product_tag","embeddable":true,"href":"https:\/\/tumarca.co\/index.php\/wp-json\/wp\/v2\/product_tag?post=5676"}],"curies":[{"name":"wp","href":"https:\/\/api.w.org\/{rel}","templated":true}]}}