{"id":6167,"date":"2019-07-16T12:08:00","date_gmt":"2019-07-16T12:08:00","guid":{"rendered":"https:\/\/tumarca.co\/?post_type=product&#038;p=6167"},"modified":"2019-07-16T12:17:40","modified_gmt":"2019-07-16T12:17:40","slug":"gorra-c-200","status":"publish","type":"product","link":"https:\/\/tumarca.co\/index.php\/product\/gorra-c-200\/","title":{"rendered":"GORRA C-650"},"content":{"rendered":"<p>Gorra en poli\u00e9ster con 5 cascos. 4 cascos en malla.<br \/>\nFrente fusionado en poli\u00e9ster acolchado.<br \/>\nBot\u00f3n forrado.<br \/>\nCierre pl\u00e1stico.<\/p>\n<p><strong>Colores disponibles:<\/strong>\u00a0naranja, amarillo, azul, verde, negro y rojo.<\/p>\n","protected":false},"excerpt":{"rendered":"<p>Gorra en poli\u00e9ster con 5 cascos. 4 cascos en malla. Frente fusionado en poli\u00e9ster acolchado. Bot\u00f3n forrado. Cierre pl\u00e1stico. Colores disponibles:\u00a0naranja, amarillo, azul, verde, negro y rojo.<\/p>\n","protected":false},"featured_media":6173,"comment_status":"closed","ping_status":"closed","template":"","meta":[],"product_brand":[],"product_cat":[48],"product_tag":[],"class_list":{"0":"post-6167","1":"product","2":"type-product","3":"status-publish","4":"has-post-thumbnail","6":"product_cat-gorras","8":"first","9":"instock","10":"shipping-taxable","11":"product-type-simple"},"_links":{"self":[{"href":"https:\/\/tumarca.co\/index.php\/wp-json\/wp\/v2\/product\/6167","targetHints":{"allow":["GET"]}}],"collection":[{"href":"https:\/\/tumarca.co\/index.php\/wp-json\/wp\/v2\/product"}],"about":[{"href":"https:\/\/tumarca.co\/index.php\/wp-json\/wp\/v2\/types\/product"}],"replies":[{"embeddable":true,"href":"https:\/\/tumarca.co\/index.php\/wp-json\/wp\/v2\/comments?post=6167"}],"version-history":[{"count":0,"href":"https:\/\/tumarca.co\/index.php\/wp-json\/wp\/v2\/product\/6167\/revisions"}],"wp:featuredmedia":[{"embeddable":true,"href":"https:\/\/tumarca.co\/index.php\/wp-json\/wp\/v2\/media\/6173"}],"wp:attachment":[{"href":"https:\/\/tumarca.co\/index.php\/wp-json\/wp\/v2\/media?parent=6167"}],"wp:term":[{"taxonomy":"product_brand","embeddable":true,"href":"https:\/\/tumarca.co\/index.php\/wp-json\/wp\/v2\/product_brand?post=6167"},{"taxonomy":"product_cat","embeddable":true,"href":"https:\/\/tumarca.co\/index.php\/wp-json\/wp\/v2\/product_cat?post=6167"},{"taxonomy":"product_tag","embeddable":true,"href":"https:\/\/tumarca.co\/index.php\/wp-json\/wp\/v2\/product_tag?post=6167"}],"curies":[{"name":"wp","href":"https:\/\/api.w.org\/{rel}","templated":true}]}}